{"id":1728,"date":"2025-09-12T09:13:23","date_gmt":"2025-09-12T09:13:23","guid":{"rendered":"https:\/\/pnlabs.ca\/shop\/nanobuck\/"},"modified":"2026-01-27T22:10:43","modified_gmt":"2026-01-28T03:10:43","slug":"nanobuck","status":"publish","type":"product","link":"https:\/\/pnlabs.ca\/fr\/shop\/nanobuck\/","title":{"rendered":"NanoBuck"},"content":{"rendered":"\t\t<div data-elementor-type=\"wp-post\" data-elementor-id=\"1728\" class=\"elementor elementor-1728 elementor-1404\" data-elementor-post-type=\"product\">\n\t\t\t\t<div class=\"elementor-element elementor-element-656599a4 e-flex e-con-boxed e-con e-parent\" data-id=\"656599a4\" data-element_type=\"container\" data-e-type=\"container\">\n\t\t\t\t\t<div class=\"e-con-inner\">\n\t\t<div class=\"elementor-element elementor-element-f69178c e-con-full e-flex e-con e-child\" data-id=\"f69178c\" data-element_type=\"container\" data-e-type=\"container\">\n\t\t<div class=\"elementor-element elementor-element-74ade2f e-con-full e-flex e-con e-child\" data-id=\"74ade2f\" data-element_type=\"container\" data-e-type=\"container\">\n\t\t\t\t<div class=\"elementor-element elementor-element-2b9ed81 elementor-widget elementor-widget-heading\" data-id=\"2b9ed81\" data-element_type=\"widget\" data-e-type=\"widget\" data-widget_type=\"heading.default\">\n\t\t\t\t<div class=\"elementor-widget-container\">\n\t\t\t\t\t<h2 class=\"elementor-heading-title elementor-size-default\">\ud83d\udcdd Aper\u00e7u<\/h2>\t\t\t\t<\/div>\n\t\t\t\t<\/div>\n\t\t\t\t<div class=\"elementor-element elementor-element-856863b elementor-widget elementor-widget-text-editor\" data-id=\"856863b\" data-element_type=\"widget\" data-e-type=\"widget\" data-widget_type=\"text-editor.default\">\n\t\t\t\t<div class=\"elementor-widget-container\">\n\t\t\t\t\t\t\t\t\t<p>Le NanoBuck de PN Labs est un r\u00e9gulateur de tension abaisseur TPSM33625 r\u00e9glable hautement int\u00e9gr\u00e9, parfait pour alimenter les p\u00e9riph\u00e9riques qui doivent fonctionner sur une plage de tension d\u2019entr\u00e9e de 4,5 \u00e0 36&nbsp;V jusqu\u2019\u00e0 2,5&nbsp;A.<\/p><p>Puisque vous pouvez facilement modifier la tension de sortie en utilisant les cavaliers int\u00e9gr\u00e9s, il est tr\u00e8s facile de r\u00e9utiliser ce module dans plusieurs projets, ce qui vous permet d&rsquo;\u00e9conomiser beaucoup d&rsquo;argent en n&rsquo;ayant pas \u00e0 acheter une pile de r\u00e9gulateurs conventionnels diff\u00e9rents.<\/p>\t\t\t\t\t\t\t\t<\/div>\n\t\t\t\t<\/div>\n\t\t\t\t<div class=\"elementor-element elementor-element-cb65c8c elementor-widget elementor-widget-heading\" data-id=\"cb65c8c\" data-element_type=\"widget\" data-e-type=\"widget\" data-widget_type=\"heading.default\">\n\t\t\t\t<div class=\"elementor-widget-container\">\n\t\t\t\t\t<h2 class=\"elementor-heading-title elementor-size-default\">\u2705 Principales caract\u00e9ristiques<\/h2>\t\t\t\t<\/div>\n\t\t\t\t<\/div>\n\t\t\t\t<div class=\"elementor-element elementor-element-ee13754 elementor-widget elementor-widget-text-editor\" data-id=\"ee13754\" data-element_type=\"widget\" data-e-type=\"widget\" data-widget_type=\"text-editor.default\">\n\t\t\t\t<div class=\"elementor-widget-container\">\n\t\t\t\t\t\t\t\t\t<ul><li><strong>Tension de sortie<\/strong> s\u00e9lectionnable de <strong>3,3, 5, 9 ou 12 V<\/strong> \u00e0 l&rsquo;aide de cavaliers de soudure. Tension d&rsquo;entr\u00e9e jusqu&rsquo;\u00e0 36 V avec 40 V max absolu. <\/li><li>Courant de sortie de <strong>2-2,5 A<\/strong> en continu, voir le trac\u00e9 du courant maximal en fonction de la tension d&rsquo;entr\u00e9e.<\/li><li><strong>Protection contre les surintensit\u00e9s et arr\u00eat thermique<\/strong> avec nouvelle tentative automatique. Voir la fiche technique pour plus de d\u00e9tails <\/li><li>Broches <strong>Enable<\/strong> et <strong>Power Good<\/strong> pour le fonctionnement \u00e0 distance et la surveillance des d\u00e9fauts.<\/li><li><strong>D\u00e9marrage progressif<\/strong> de 4 ms pour faciliter la mise en marche en douceur et les charges fortement capacitives.<\/li><li><strong>Compatible SMT<\/strong> avec des bords cr\u00e9nel\u00e9s, ce qui le rend adapt\u00e9 au soudage sur un PCB plus grand en tant que module.<\/li><li><strong>Compatible avec les plaques d&rsquo;essai<\/strong> avec des broches d&#8217;embase plates ou \u00e0 angle droit de 2,54 mm (incluses).<\/li><li><strong>Dissipateur thermique de haute qualit\u00e9 fourni<\/strong> avec du ruban thermique \u00e0 utiliser pour augmenter le courant de sortie. Comparez les niveaux de courant atteignables avec et sans celui-ci dans la documentation. <\/li><\/ul><p>En utilisant le circuit int\u00e9gr\u00e9 de r\u00e9gulateur de tension abaisseur TPSM33625 r\u00e9glable avec la technologie de commutation sans inductance, le NanoBuck offre un rendement \u00e9lev\u00e9 de 80 \u00e0 95&nbsp;% \u00e0 des courants continus allant jusqu\u2019\u00e0 2,5&nbsp;A avec le dissipateur thermique fourni. Le courant r\u00e9el r\u00e9alisable d\u00e9pend de la temp\u00e9rature ambiante, de la tension d\u2019entr\u00e9e et de l\u2019utilisation ou non du dissipateur thermique. Consultez le graphique fourni pour plus de d\u00e9tails.   <\/p>\t\t\t\t\t\t\t\t<\/div>\n\t\t\t\t<\/div>\n\t\t\t\t<div class=\"elementor-element elementor-element-05c55bf elementor-widget elementor-widget-heading\" data-id=\"05c55bf\" data-element_type=\"widget\" data-e-type=\"widget\" data-widget_type=\"heading.default\">\n\t\t\t\t<div class=\"elementor-widget-container\">\n\t\t\t\t\t<h2 class=\"elementor-heading-title elementor-size-default\">\u26a1 Pourquoi la technologie d'inductance int\u00e9gr\u00e9e est meilleure :<\/h2>\t\t\t\t<\/div>\n\t\t\t\t<\/div>\n\t\t\t\t<div class=\"elementor-element elementor-element-43f230a elementor-widget elementor-widget-text-editor\" data-id=\"43f230a\" data-element_type=\"widget\" data-e-type=\"widget\" data-widget_type=\"text-editor.default\">\n\t\t\t\t<div class=\"elementor-widget-container\">\n\t\t\t\t\t\t\t\t\t<p>Contrairement aux r\u00e9gulateurs abaisseurs conventionnels qui reposent sur des inductances externes volumineuses, la technologie d&rsquo;inductance int\u00e9gr\u00e9e int\u00e8gre l&rsquo;inductance directement dans le bo\u00eetier, \u00e0 c\u00f4t\u00e9 du contr\u00f4leur et des \u00e9l\u00e9ments de commutation. Cette int\u00e9gration r\u00e9duit l&#8217;empreinte du PCB, augmente la densit\u00e9 de puissance et simplifie la disposition de la carte en \u00e9liminant la boucle critique \u00e0 courant \u00e9lev\u00e9 de la conception externe. <\/p><p>Avec l\u2019inductance blind\u00e9e et emball\u00e9e \u00e0 l\u2019int\u00e9rieur, la r\u00e9sistance parasite et l\u2019inductance sont minimis\u00e9es, ce qui permet des fr\u00e9quences de commutation plus \u00e9lev\u00e9es avec des pertes plus faibles et une r\u00e9ponse transitoire am\u00e9lior\u00e9e. Il en r\u00e9sulte une meilleure efficacit\u00e9, une r\u00e9duction des interf\u00e9rences \u00e9lectromagn\u00e9tiques rayonn\u00e9es et un encombrement global plus faible. <\/p><p>Le circuit int\u00e9gr\u00e9 int\u00e8gre \u00e9galement la technologie Dual Random Spread Spectrum (DRSS) pour r\u00e9duire les pics d\u2019interf\u00e9rences \u00e9lectromagn\u00e9tiques.<\/p>\t\t\t\t\t\t\t\t<\/div>\n\t\t\t\t<\/div>\n\t\t\t\t<div class=\"elementor-element elementor-element-1892d89 elementor-widget elementor-widget-heading\" data-id=\"1892d89\" data-element_type=\"widget\" data-e-type=\"widget\" data-widget_type=\"heading.default\">\n\t\t\t\t<div class=\"elementor-widget-container\">\n\t\t\t\t\t<h2 class=\"elementor-heading-title elementor-size-default\">\ud83d\udcd8 Ressources suppl\u00e9mentaires\n<\/h2>\t\t\t\t<\/div>\n\t\t\t\t<\/div>\n\t\t\t\t<div class=\"elementor-element elementor-element-5c57903 elementor-widget elementor-widget-text-editor\" data-id=\"5c57903\" data-element_type=\"widget\" data-e-type=\"widget\" data-widget_type=\"text-editor.default\">\n\t\t\t\t<div class=\"elementor-widget-container\">\n\t\t\t\t\t\t\t\t\t<p>Apprenez-en davantage pour utiliser efficacement le NanoBuck dans diverses applications. Tout le contenu appartient aux propri\u00e9taires d\u2019origine, que nous avons li\u00e9s. <\/p><p><strong>[Soudure d\u2019un PCB avec des bords cr\u00e9nel\u00e9s \u00e0 un PCB plus grand]&nbsp;:<\/strong><\/p><ul><li>Un tr\u00e8s bon tutoriel et une vid\u00e9o de Sparkfun Electronics&nbsp;: (<a href=\"https:\/\/learn.sparkfun.com\/tutorials\/how-to-solder-castellated-mounting-holes\/all\" target=\"_blank\" rel=\"noopener\">Site Web<\/a>)<\/li><li>Assurez-vous de consulter l\u2019onglet T\u00e9l\u00e9chargements pour conna\u00eetre l\u2019empreinte recommand\u00e9e<\/li><\/ul><p><strong>[S\u00e9quen\u00e7age de l\u2019alimentation]&nbsp;:<\/strong><\/p><ul><li>  Pourquoi le s\u00e9quen\u00e7age de l\u2019alimentation est-il n\u00e9cessaire&nbsp;? (<a href=\"https:\/\/www.microchip.com\/en-us\/about\/media-center\/blog\/2022\/why-is-power-sequencing-needed\" target=\"_blank\" rel=\"noopener\">Blog Microchip<\/a>)<\/li><\/ul>\t\t\t\t\t\t\t\t<\/div>\n\t\t\t\t<\/div>\n\t\t\t\t<div class=\"elementor-element elementor-element-12833e4 elementor-widget elementor-widget-heading\" data-id=\"12833e4\" data-element_type=\"widget\" data-e-type=\"widget\" data-widget_type=\"heading.default\">\n\t\t\t\t<div class=\"elementor-widget-container\">\n\t\t\t\t\t<h2 class=\"elementor-heading-title elementor-size-default\">\ud83d\udcaa Voyez-le en action<\/h2>\t\t\t\t<\/div>\n\t\t\t\t<\/div>\n\t\t\t\t<div class=\"elementor-element elementor-element-a5710a3 elementor-widget elementor-widget-video\" data-id=\"a5710a3\" data-element_type=\"widget\" data-e-type=\"widget\" data-settings=\"{&quot;youtube_url&quot;:&quot;https:\\\/\\\/www.youtube.com\\\/watch?v=TZZ6WXj35_A&quot;,&quot;lazy_load&quot;:&quot;yes&quot;,&quot;video_type&quot;:&quot;youtube&quot;,&quot;controls&quot;:&quot;yes&quot;}\" data-widget_type=\"video.default\">\n\t\t\t\t<div class=\"elementor-widget-container\">\n\t\t\t\t\t\t\t<div class=\"elementor-wrapper elementor-open-inline\">\n\t\t\t<div class=\"elementor-video\"><\/div>\t\t<\/div>\n\t\t\t\t\t\t<\/div>\n\t\t\t\t<\/div>\n\t\t\t\t<div class=\"elementor-element elementor-element-c9fc048 elementor-widget elementor-widget-text-editor\" data-id=\"c9fc048\" data-element_type=\"widget\" data-e-type=\"widget\" data-widget_type=\"text-editor.default\">\n\t\t\t\t<div class=\"elementor-widget-container\">\n\t\t\t\t\t\t\t\t\t<p>Pr\u00e9sentation du produit NanoBuck de IMSAI Guy &#8211; Novembre&nbsp;2025<\/p>\t\t\t\t\t\t\t\t<\/div>\n\t\t\t\t<\/div>\n\t\t\t\t<\/div>\n\t\t\t\t<\/div>\n\t\t\t\t\t<\/div>\n\t\t\t\t<\/div>\n\t\t\t\t<\/div>\n\t\t","protected":false},"excerpt":{"rendered":"<p>R\u00e9gulateur de tension abaisseur TPSM33625 r\u00e9glable capable de fournir des sorties fixes de 12, 9, 5 et 3,3&nbsp;V jusqu\u2019\u00e0 2,5&nbsp;A en continu avec une plage de tension d\u2019entr\u00e9e de 4,5 \u00e0 36&nbsp;V. Utilise la technologie d\u2019inductance int\u00e9gr\u00e9e pour augmenter l\u2019efficacit\u00e9 et r\u00e9duire les \u00e9missions dans un format compact. <\/p>\n<p>Il est compatible SMT et avec les platines d\u2019exp\u00e9rimentation et est livr\u00e9 avec des fonctionnalit\u00e9s suppl\u00e9mentaires telles qu\u2019un signal Power Good et Enable. Fichiers d\u2019empreinte fournis pour une int\u00e9gration facile dans vos conceptions de PCB. <\/p>\n","protected":false},"featured_media":1695,"comment_status":"open","ping_status":"closed","template":"","meta":[],"product_brand":[],"product_cat":[59],"product_tag":[61,60,64,63,66,65],"class_list":{"0":"post-1728","1":"product","2":"type-product","3":"status-publish","4":"has-post-thumbnail","6":"product_cat-power-regulation","7":"product_tag-alimentation","8":"product_tag-cc","9":"product_tag-circuit","10":"product_tag-module","11":"product_tag-regulateur","12":"product_tag-tension","14":"first","15":"instock","16":"featured","17":"shipping-taxable","18":"purchasable","19":"product-type-simple"},"yoast_head":"<!-- This site is optimized with the Yoast SEO plugin v27.3 - https:\/\/yoast.com\/product\/yoast-seo-wordpress\/ -->\n<title>NanoBuck\u00a0: R\u00e9gulateur de tension abaisseur TPSM33625 r\u00e9glable - PN Labs Electronics<\/title>\n<meta name=\"description\" content=\"R\u00e9gulateur de tension abaisseur efficace avec bo\u00eetier d\u2019inductance int\u00e9gr\u00e9. Entr\u00e9e de 4,5 \u00e0 36\u00a0V avec sorties s\u00e9lectionnables de 3,3, 5, 9 ou 12\u00a0V jusqu\u2019\u00e0 2,5\u00a0A.\" \/>\n<meta name=\"robots\" content=\"index, follow, max-snippet:-1, max-image-preview:large, max-video-preview:-1\" \/>\n<link rel=\"canonical\" href=\"https:\/\/pnlabs.ca\/fr\/shop\/nanobuck\/\" \/>\n<meta property=\"og:locale\" content=\"fr_FR\" \/>\n<meta property=\"og:type\" content=\"article\" \/>\n<meta property=\"og:title\" content=\"NanoBuck\u00a0: R\u00e9gulateur de tension abaisseur TPSM33625 r\u00e9glable - PN Labs Electronics\" \/>\n<meta property=\"og:description\" content=\"R\u00e9gulateur de tension abaisseur efficace avec bo\u00eetier d\u2019inductance int\u00e9gr\u00e9. Entr\u00e9e de 4,5 \u00e0 36\u00a0V avec sorties s\u00e9lectionnables de 3,3, 5, 9 ou 12\u00a0V jusqu\u2019\u00e0 2,5\u00a0A.\" \/>\n<meta property=\"og:url\" content=\"https:\/\/pnlabs.ca\/fr\/shop\/nanobuck\/\" \/>\n<meta property=\"og:site_name\" content=\"PN Labs Electronics\" \/>\n<meta property=\"article:modified_time\" content=\"2026-01-28T03:10:43+00:00\" \/>\n<meta property=\"og:image\" content=\"https:\/\/pnlabs.ca\/wp-content\/uploads\/2025\/09\/NanoBuck-1-2.webp\" \/>\n\t<meta property=\"og:image:width\" content=\"2560\" \/>\n\t<meta property=\"og:image:height\" content=\"1707\" \/>\n\t<meta property=\"og:image:type\" content=\"image\/webp\" \/>\n<meta name=\"twitter:card\" content=\"summary_large_image\" \/>\n<meta name=\"twitter:label1\" content=\"Dur\u00e9e de lecture estim\u00e9e\" \/>\n\t<meta name=\"twitter:data1\" content=\"3 minutes\" \/>\n<script type=\"application\/ld+json\" class=\"yoast-schema-graph\">{\"@context\":\"https:\\\/\\\/schema.org\",\"@graph\":[{\"@type\":\"WebPage\",\"@id\":\"https:\\\/\\\/pnlabs.ca\\\/fr\\\/shop\\\/nanobuck\\\/\",\"url\":\"https:\\\/\\\/pnlabs.ca\\\/fr\\\/shop\\\/nanobuck\\\/\",\"name\":\"NanoBuck\u00a0: R\u00e9gulateur de tension abaisseur TPSM33625 r\u00e9glable - PN Labs Electronics\",\"isPartOf\":{\"@id\":\"https:\\\/\\\/pnlabs.ca\\\/fr\\\/#website\"},\"primaryImageOfPage\":{\"@id\":\"https:\\\/\\\/pnlabs.ca\\\/fr\\\/shop\\\/nanobuck\\\/#primaryimage\"},\"image\":{\"@id\":\"https:\\\/\\\/pnlabs.ca\\\/fr\\\/shop\\\/nanobuck\\\/#primaryimage\"},\"thumbnailUrl\":\"https:\\\/\\\/pnlabs.ca\\\/wp-content\\\/uploads\\\/2025\\\/09\\\/NanoBuck-1-2.webp\",\"datePublished\":\"2025-09-12T09:13:23+00:00\",\"dateModified\":\"2026-01-28T03:10:43+00:00\",\"description\":\"R\u00e9gulateur de tension abaisseur efficace avec bo\u00eetier d\u2019inductance int\u00e9gr\u00e9. Entr\u00e9e de 4,5 \u00e0 36\u00a0V avec sorties s\u00e9lectionnables de 3,3, 5, 9 ou 12\u00a0V jusqu\u2019\u00e0 2,5\u00a0A.\",\"breadcrumb\":{\"@id\":\"https:\\\/\\\/pnlabs.ca\\\/fr\\\/shop\\\/nanobuck\\\/#breadcrumb\"},\"inLanguage\":\"fr-FR\",\"potentialAction\":[{\"@type\":\"ReadAction\",\"target\":[\"https:\\\/\\\/pnlabs.ca\\\/fr\\\/shop\\\/nanobuck\\\/\"]}]},{\"@type\":\"ImageObject\",\"inLanguage\":\"fr-FR\",\"@id\":\"https:\\\/\\\/pnlabs.ca\\\/fr\\\/shop\\\/nanobuck\\\/#primaryimage\",\"url\":\"https:\\\/\\\/pnlabs.ca\\\/wp-content\\\/uploads\\\/2025\\\/09\\\/NanoBuck-1-2.webp\",\"contentUrl\":\"https:\\\/\\\/pnlabs.ca\\\/wp-content\\\/uploads\\\/2025\\\/09\\\/NanoBuck-1-2.webp\",\"width\":2560,\"height\":1707,\"caption\":\"NanoBuck avec accessoires inclus\"},{\"@type\":\"BreadcrumbList\",\"@id\":\"https:\\\/\\\/pnlabs.ca\\\/fr\\\/shop\\\/nanobuck\\\/#breadcrumb\",\"itemListElement\":[{\"@type\":\"ListItem\",\"position\":1,\"name\":\"Home\",\"item\":\"https:\\\/\\\/pnlabs.ca\\\/fr\\\/accueil\\\/\"},{\"@type\":\"ListItem\",\"position\":2,\"name\":\"Boutique\",\"item\":\"https:\\\/\\\/pnlabs.ca\\\/fr\\\/boutique\\\/\"},{\"@type\":\"ListItem\",\"position\":3,\"name\":\"NanoBuck\"}]},{\"@type\":\"WebSite\",\"@id\":\"https:\\\/\\\/pnlabs.ca\\\/fr\\\/#website\",\"url\":\"https:\\\/\\\/pnlabs.ca\\\/fr\\\/\",\"name\":\"PN Labs Electronics\",\"description\":\"Trusted power management solutions that scale from prototype to production.\",\"publisher\":{\"@id\":\"https:\\\/\\\/pnlabs.ca\\\/fr\\\/#organization\"},\"alternateName\":\"PN Labs\",\"potentialAction\":[{\"@type\":\"SearchAction\",\"target\":{\"@type\":\"EntryPoint\",\"urlTemplate\":\"https:\\\/\\\/pnlabs.ca\\\/fr\\\/?s={search_term_string}\"},\"query-input\":{\"@type\":\"PropertyValueSpecification\",\"valueRequired\":true,\"valueName\":\"search_term_string\"}}],\"inLanguage\":\"fr-FR\"},{\"@type\":\"Organization\",\"@id\":\"https:\\\/\\\/pnlabs.ca\\\/fr\\\/#organization\",\"name\":\"PN labs\",\"alternateName\":\"PN Labs Inc.\",\"url\":\"https:\\\/\\\/pnlabs.ca\\\/fr\\\/\",\"logo\":{\"@type\":\"ImageObject\",\"inLanguage\":\"fr-FR\",\"@id\":\"https:\\\/\\\/pnlabs.ca\\\/fr\\\/#\\\/schema\\\/logo\\\/image\\\/\",\"url\":\"https:\\\/\\\/pnlabs.ca\\\/wp-content\\\/uploads\\\/2025\\\/09\\\/PN-Labs-Logo-1.webp\",\"contentUrl\":\"https:\\\/\\\/pnlabs.ca\\\/wp-content\\\/uploads\\\/2025\\\/09\\\/PN-Labs-Logo-1.webp\",\"width\":2000,\"height\":2000,\"caption\":\"PN labs\"},\"image\":{\"@id\":\"https:\\\/\\\/pnlabs.ca\\\/fr\\\/#\\\/schema\\\/logo\\\/image\\\/\"}}]}<\/script>\n<!-- \/ Yoast SEO plugin. -->","yoast_head_json":{"title":"NanoBuck\u00a0: R\u00e9gulateur de tension abaisseur TPSM33625 r\u00e9glable - PN Labs Electronics","description":"R\u00e9gulateur de tension abaisseur efficace avec bo\u00eetier d\u2019inductance int\u00e9gr\u00e9. Entr\u00e9e de 4,5 \u00e0 36\u00a0V avec sorties s\u00e9lectionnables de 3,3, 5, 9 ou 12\u00a0V jusqu\u2019\u00e0 2,5\u00a0A.","robots":{"index":"index","follow":"follow","max-snippet":"max-snippet:-1","max-image-preview":"max-image-preview:large","max-video-preview":"max-video-preview:-1"},"canonical":"https:\/\/pnlabs.ca\/fr\/shop\/nanobuck\/","og_locale":"fr_FR","og_type":"article","og_title":"NanoBuck\u00a0: R\u00e9gulateur de tension abaisseur TPSM33625 r\u00e9glable - PN Labs Electronics","og_description":"R\u00e9gulateur de tension abaisseur efficace avec bo\u00eetier d\u2019inductance int\u00e9gr\u00e9. Entr\u00e9e de 4,5 \u00e0 36\u00a0V avec sorties s\u00e9lectionnables de 3,3, 5, 9 ou 12\u00a0V jusqu\u2019\u00e0 2,5\u00a0A.","og_url":"https:\/\/pnlabs.ca\/fr\/shop\/nanobuck\/","og_site_name":"PN Labs Electronics","article_modified_time":"2026-01-28T03:10:43+00:00","og_image":[{"width":2560,"height":1707,"url":"https:\/\/pnlabs.ca\/wp-content\/uploads\/2025\/09\/NanoBuck-1-2.webp","type":"image\/webp"}],"twitter_card":"summary_large_image","twitter_misc":{"Dur\u00e9e de lecture estim\u00e9e":"3 minutes"},"schema":{"@context":"https:\/\/schema.org","@graph":[{"@type":"WebPage","@id":"https:\/\/pnlabs.ca\/fr\/shop\/nanobuck\/","url":"https:\/\/pnlabs.ca\/fr\/shop\/nanobuck\/","name":"NanoBuck\u00a0: R\u00e9gulateur de tension abaisseur TPSM33625 r\u00e9glable - PN Labs Electronics","isPartOf":{"@id":"https:\/\/pnlabs.ca\/fr\/#website"},"primaryImageOfPage":{"@id":"https:\/\/pnlabs.ca\/fr\/shop\/nanobuck\/#primaryimage"},"image":{"@id":"https:\/\/pnlabs.ca\/fr\/shop\/nanobuck\/#primaryimage"},"thumbnailUrl":"https:\/\/pnlabs.ca\/wp-content\/uploads\/2025\/09\/NanoBuck-1-2.webp","datePublished":"2025-09-12T09:13:23+00:00","dateModified":"2026-01-28T03:10:43+00:00","description":"R\u00e9gulateur de tension abaisseur efficace avec bo\u00eetier d\u2019inductance int\u00e9gr\u00e9. Entr\u00e9e de 4,5 \u00e0 36\u00a0V avec sorties s\u00e9lectionnables de 3,3, 5, 9 ou 12\u00a0V jusqu\u2019\u00e0 2,5\u00a0A.","breadcrumb":{"@id":"https:\/\/pnlabs.ca\/fr\/shop\/nanobuck\/#breadcrumb"},"inLanguage":"fr-FR","potentialAction":[{"@type":"ReadAction","target":["https:\/\/pnlabs.ca\/fr\/shop\/nanobuck\/"]}]},{"@type":"ImageObject","inLanguage":"fr-FR","@id":"https:\/\/pnlabs.ca\/fr\/shop\/nanobuck\/#primaryimage","url":"https:\/\/pnlabs.ca\/wp-content\/uploads\/2025\/09\/NanoBuck-1-2.webp","contentUrl":"https:\/\/pnlabs.ca\/wp-content\/uploads\/2025\/09\/NanoBuck-1-2.webp","width":2560,"height":1707,"caption":"NanoBuck avec accessoires inclus"},{"@type":"BreadcrumbList","@id":"https:\/\/pnlabs.ca\/fr\/shop\/nanobuck\/#breadcrumb","itemListElement":[{"@type":"ListItem","position":1,"name":"Home","item":"https:\/\/pnlabs.ca\/fr\/accueil\/"},{"@type":"ListItem","position":2,"name":"Boutique","item":"https:\/\/pnlabs.ca\/fr\/boutique\/"},{"@type":"ListItem","position":3,"name":"NanoBuck"}]},{"@type":"WebSite","@id":"https:\/\/pnlabs.ca\/fr\/#website","url":"https:\/\/pnlabs.ca\/fr\/","name":"PN Labs Electronics","description":"Trusted power management solutions that scale from prototype to production.","publisher":{"@id":"https:\/\/pnlabs.ca\/fr\/#organization"},"alternateName":"PN Labs","potentialAction":[{"@type":"SearchAction","target":{"@type":"EntryPoint","urlTemplate":"https:\/\/pnlabs.ca\/fr\/?s={search_term_string}"},"query-input":{"@type":"PropertyValueSpecification","valueRequired":true,"valueName":"search_term_string"}}],"inLanguage":"fr-FR"},{"@type":"Organization","@id":"https:\/\/pnlabs.ca\/fr\/#organization","name":"PN labs","alternateName":"PN Labs Inc.","url":"https:\/\/pnlabs.ca\/fr\/","logo":{"@type":"ImageObject","inLanguage":"fr-FR","@id":"https:\/\/pnlabs.ca\/fr\/#\/schema\/logo\/image\/","url":"https:\/\/pnlabs.ca\/wp-content\/uploads\/2025\/09\/PN-Labs-Logo-1.webp","contentUrl":"https:\/\/pnlabs.ca\/wp-content\/uploads\/2025\/09\/PN-Labs-Logo-1.webp","width":2000,"height":2000,"caption":"PN labs"},"image":{"@id":"https:\/\/pnlabs.ca\/fr\/#\/schema\/logo\/image\/"}}]}},"jetpack_sharing_enabled":true,"_links":{"self":[{"href":"https:\/\/pnlabs.ca\/fr\/wp-json\/wp\/v2\/product\/1728","targetHints":{"allow":["GET"]}}],"collection":[{"href":"https:\/\/pnlabs.ca\/fr\/wp-json\/wp\/v2\/product"}],"about":[{"href":"https:\/\/pnlabs.ca\/fr\/wp-json\/wp\/v2\/types\/product"}],"replies":[{"embeddable":true,"href":"https:\/\/pnlabs.ca\/fr\/wp-json\/wp\/v2\/comments?post=1728"}],"version-history":[{"count":3,"href":"https:\/\/pnlabs.ca\/fr\/wp-json\/wp\/v2\/product\/1728\/revisions"}],"predecessor-version":[{"id":3041,"href":"https:\/\/pnlabs.ca\/fr\/wp-json\/wp\/v2\/product\/1728\/revisions\/3041"}],"wp:featuredmedia":[{"embeddable":true,"href":"https:\/\/pnlabs.ca\/fr\/wp-json\/wp\/v2\/media\/1695"}],"wp:attachment":[{"href":"https:\/\/pnlabs.ca\/fr\/wp-json\/wp\/v2\/media?parent=1728"}],"wp:term":[{"taxonomy":"product_brand","embeddable":true,"href":"https:\/\/pnlabs.ca\/fr\/wp-json\/wp\/v2\/product_brand?post=1728"},{"taxonomy":"product_cat","embeddable":true,"href":"https:\/\/pnlabs.ca\/fr\/wp-json\/wp\/v2\/product_cat?post=1728"},{"taxonomy":"product_tag","embeddable":true,"href":"https:\/\/pnlabs.ca\/fr\/wp-json\/wp\/v2\/product_tag?post=1728"}],"curies":[{"name":"wp","href":"https:\/\/api.w.org\/{rel}","templated":true}]}}