{"id":1721,"date":"2025-09-12T20:37:34","date_gmt":"2025-09-12T20:37:34","guid":{"rendered":"https:\/\/pnlabs.ca\/shop\/flextrip\/"},"modified":"2026-03-22T01:24:20","modified_gmt":"2026-03-22T05:24:20","slug":"flextrip","status":"publish","type":"product","link":"https:\/\/pnlabs.ca\/fr\/shop\/flextrip\/","title":{"rendered":"FlexTrip"},"content":{"rendered":"\t\t<div data-elementor-type=\"wp-post\" data-elementor-id=\"1721\" class=\"elementor elementor-1721 elementor-1429\" data-elementor-post-type=\"product\">\n\t\t\t\t<div class=\"elementor-element elementor-element-656599a4 e-flex e-con-boxed e-con e-parent\" data-id=\"656599a4\" data-element_type=\"container\" data-e-type=\"container\">\n\t\t\t\t\t<div class=\"e-con-inner\">\n\t\t<div class=\"elementor-element elementor-element-f69178c e-con-full e-flex e-con e-child\" data-id=\"f69178c\" data-element_type=\"container\" data-e-type=\"container\">\n\t\t<div class=\"elementor-element elementor-element-0f27a33 e-con-full e-flex e-con e-child\" data-id=\"0f27a33\" data-element_type=\"container\" data-e-type=\"container\">\n\t\t<div class=\"elementor-element elementor-element-9e97ab7 e-con-full e-flex e-con e-child\" data-id=\"9e97ab7\" data-element_type=\"container\" data-e-type=\"container\">\n\t\t\t\t<div class=\"elementor-element elementor-element-4243dc5 elementor-widget elementor-widget-heading\" data-id=\"4243dc5\" data-element_type=\"widget\" data-e-type=\"widget\" data-widget_type=\"heading.default\">\n\t\t\t\t<div class=\"elementor-widget-container\">\n\t\t\t\t\t<h2 class=\"elementor-heading-title elementor-size-default\">\ud83d\udcdd Aper\u00e7u<\/h2>\t\t\t\t<\/div>\n\t\t\t\t<\/div>\n\t\t\t\t<div class=\"elementor-element elementor-element-bb8534c elementor-widget elementor-widget-text-editor\" data-id=\"bb8534c\" data-element_type=\"widget\" data-e-type=\"widget\" data-widget_type=\"text-editor.default\">\n\t\t\t\t<div class=\"elementor-widget-container\">\n\t\t\t\t\t\t\t\t\t<p class=\"\" data-start=\"208\" data-end=\"562\">Le module FlexTrip de PN&nbsp;Labs est un fusible \u00e9lectronique unidirectionnel r\u00e9glable avec diode id\u00e9ale con\u00e7ue pour 3-22&nbsp;V avec jusqu\u2019\u00e0 5&nbsp;A de courant continu. Dot\u00e9 de niveaux de surintensit\u00e9 allant de 0,5 \u00e0 5,5&nbsp;A via des cavaliers de soudure, il s\u2019adapte parfaitement \u00e0 une plaque d\u2019essai standard et poss\u00e8de m\u00eame des bords cr\u00e9nel\u00e9s, ce qui le rend adapt\u00e9 au soudage sur un circuit imprim\u00e9 plus grand. <\/p><p class=\"\" data-start=\"564\" data-end=\"664\">Ce module est un excellent remplacement pour les fusibles r\u00e9sistifs \u00e0 action rapide qui doivent \u00eatre r\u00e9initialis\u00e9s souvent. La mise \u00e0 niveau des anciens fusibles avec une technologie plus r\u00e9cente supprime la n\u00e9cessit\u00e9 de devoir en remplacer un chaque fois qu&rsquo;il se d\u00e9clenche : il suffit de r\u00e9initialiser le module \u00e9lectroniquement ou m\u00e9caniquement. <\/p>\t\t\t\t\t\t\t\t<\/div>\n\t\t\t\t<\/div>\n\t\t\t\t<div class=\"elementor-element elementor-element-ad948ca elementor-widget elementor-widget-heading\" data-id=\"ad948ca\" data-element_type=\"widget\" data-e-type=\"widget\" data-widget_type=\"heading.default\">\n\t\t\t\t<div class=\"elementor-widget-container\">\n\t\t\t\t\t<h2 class=\"elementor-heading-title elementor-size-default\">\u2705 Principales caract\u00e9ristiques<\/h2>\t\t\t\t<\/div>\n\t\t\t\t<\/div>\n\t\t\t\t<div class=\"elementor-element elementor-element-791406d elementor-widget elementor-widget-text-editor\" data-id=\"791406d\" data-element_type=\"widget\" data-e-type=\"widget\" data-widget_type=\"text-editor.default\">\n\t\t\t\t<div class=\"elementor-widget-container\">\n\t\t\t\t\t\t\t\t\t<ul><li data-start=\"693\" data-end=\"929\"><strong>Cavaliers \u00e0 souder<\/strong> pour r\u00e9gler les niveaux de surintensit\u00e9 de <strong>0,5, 1, 2, 3, 5, 5,5 A.<\/strong><\/li><li data-start=\"693\" data-end=\"929\"><strong data-start=\"1515\" data-end=\"1543\">Capacit\u00e9 de commutation de puissance&nbsp;:<\/strong><br data-start=\"1543\" data-end=\"1546\">Basculez les charges en tirant la broche de r\u00e9initialisation (RST) vers le haut.<\/li><li data-start=\"693\" data-end=\"929\"><strong data-start=\"1691\" data-end=\"1724\">Signal Power Good (PG)<\/strong><br data-start=\"1724\" data-end=\"1727\">Le signal PG \u00e0 drain ouvert est normalement tir\u00e9 vers le haut jusqu\u2019\u00e0 Vcc et passe \u00e0 l\u2019\u00e9tat BAS lors d\u2019un \u00e9v\u00e9nement de d\u00e9faut, ce qui indique \u00e0 votre microcontr\u00f4leur que l\u2019alimentation circule en toute s\u00e9curit\u00e9 dans le circuit int\u00e9gr\u00e9.<\/li><li data-start=\"693\" data-end=\"929\"><strong data-start=\"1847\" data-end=\"1868\">LED d&rsquo;\u00e9tat :<\/strong> Une LED verte SAFE indique visuellement que l&rsquo;alimentation circule en toute s\u00e9curit\u00e9 dans le circuit int\u00e9gr\u00e9.<\/li><li data-start=\"693\" data-end=\"929\">Fonction <strong>d\u2019arr\u00eat thermique<\/strong> et fusible CMS int\u00e9gr\u00e9&nbsp;: si le courant d\u2019\u00e9tat stable est d\u00e9pass\u00e9 et que la carte surchauffe, le circuit int\u00e9gr\u00e9 est dot\u00e9 d\u2019une fonction d\u2019arr\u00eat thermique qui se d\u00e9clenche autour de 140-150&nbsp;\u00b0C. Il existe \u00e9galement un fusible de 8&nbsp;A en s\u00e9rie sur le module en dernier recours au cas o\u00f9 une surtension rapide d\u00e9truirait le circuit int\u00e9gr\u00e9 avant que l\u2019arr\u00eat ne puisse r\u00e9pondre.<\/li><li data-start=\"693\" data-end=\"929\"><strong>Fonction de d\u00e9marrage progressif&nbsp;:<\/strong> La sortie est augment\u00e9e d\u2019environ 1&nbsp;V\/ms dans votre circuit, ce qui contribue \u00e0 r\u00e9duire le courant d\u2019appel au d\u00e9marrage et assure une mise en marche en douceur.<\/li><li class=\"\" data-start=\"1873\" data-end=\"1912\"><p class=\"\" data-start=\"1875\" data-end=\"1912\"><strong data-start=\"1981\" data-end=\"2005\">Compatible avec les plaques d\u2019essai et les SMT, avec espace pour les borniers (inclus)&nbsp;:<\/strong><br data-start=\"2005\" data-end=\"2008\">Un faible encombrement de 20&nbsp;x&nbsp;26&nbsp;mm qui s\u2019adapte \u00e0 une plaque d\u2019essai standard le rend id\u00e9al pour les circuits de prototypage. Il peut \u00e9galement \u00eatre soud\u00e9 \u00e0 un circuit imprim\u00e9 plus grand via des plots cr\u00e9nel\u00e9s (empreinte SMT disponible). <\/p><\/li><\/ul>\t\t\t\t\t\t\t\t<\/div>\n\t\t\t\t<\/div>\n\t\t\t\t<div class=\"elementor-element elementor-element-0bea47b elementor-widget elementor-widget-heading\" data-id=\"0bea47b\" data-element_type=\"widget\" data-e-type=\"widget\" data-widget_type=\"heading.default\">\n\t\t\t\t<div class=\"elementor-widget-container\">\n\t\t\t\t\t<h2 class=\"elementor-heading-title elementor-size-default\">R\u00e9ponse \u00e0 la surintensit\u00e9<\/h2>\t\t\t\t<\/div>\n\t\t\t\t<\/div>\n\t\t\t\t<div class=\"elementor-element elementor-element-a27765a elementor-widget elementor-widget-text-editor\" data-id=\"a27765a\" data-element_type=\"widget\" data-e-type=\"widget\" data-widget_type=\"text-editor.default\">\n\t\t\t\t<div class=\"elementor-widget-container\">\n\t\t\t\t\t\t\t\t\t<p>FlexTrip est destin\u00e9 \u00e0 remplacer les fusibles CC \u00e0 fusion rapide qui fonctionnent \u00e0 des tensions comprises entre 3 et 22&nbsp;V.<\/p><p>Lorsque la limite de courant est d\u00e9pass\u00e9e, il fonctionne en mode de d\u00e9clenchement rapide ou en mode de limitation de courant active.<\/p><p>Si le courant d\u00e9pass\u00e9 est inf\u00e9rieur au double du courant de seuil d\u00e9fini, le dispositif se comportera comme un r\u00e9gulateur lin\u00e9aire et chutera une partie de la tension \u00e0 travers lui-m\u00eame pour maintenir le courant de seuil. Si la limite de temp\u00e9rature du dispositif est d\u00e9pass\u00e9e dans ce mode, l&rsquo;unit\u00e9 s&rsquo;arr\u00eate et n&rsquo;est pas activ\u00e9e \u00e0 moins que le bouton de r\u00e9initialisation (RST) ne soit enfonc\u00e9 ou qu&rsquo;un signal de 3 \u00e0 15 V ne soit appliqu\u00e9 \u00e0 la broche de r\u00e9initialisation. <\/p><p>Si le courant d\u00e9passe plus du double de la limite d\u00e9finie, l\u2019appareil s\u2019\u00e9teint sans aucune limitation de courant active (mode de d\u00e9clenchement rapide)<\/p>\t\t\t\t\t\t\t\t<\/div>\n\t\t\t\t<\/div>\n\t\t\t\t<div class=\"elementor-element elementor-element-a6645e1 elementor-widget elementor-widget-heading\" data-id=\"a6645e1\" data-element_type=\"widget\" data-e-type=\"widget\" data-widget_type=\"heading.default\">\n\t\t\t\t<div class=\"elementor-widget-container\">\n\t\t\t\t\t<h2 class=\"elementor-heading-title elementor-size-default\">\ud83d\udfe2Fonctionnement normal<\/h2>\t\t\t\t<\/div>\n\t\t\t\t<\/div>\n\t\t\t\t<div class=\"elementor-element elementor-element-5b2420b elementor-widget elementor-widget-text-editor\" data-id=\"5b2420b\" data-element_type=\"widget\" data-e-type=\"widget\" data-widget_type=\"text-editor.default\">\n\t\t\t\t<div class=\"elementor-widget-container\">\n\t\t\t\t\t\t\t\t\t<p class=\"\" data-start=\"1370\" data-end=\"1412\">Lors d&rsquo;un fonctionnement dans les limites de tension de s\u00e9curit\u00e9&nbsp;:<\/p><ul data-start=\"1413\" data-end=\"1529\"><li class=\"\" data-start=\"1413\" data-end=\"1454\"><p class=\"\" data-start=\"1415\" data-end=\"1454\">La LED <strong data-start=\"1419\" data-end=\"1427\">SAFE<\/strong> (verte) est allum\u00e9e<\/p><\/li><li class=\"\" data-start=\"1455\" data-end=\"1529\"><p class=\"\" data-start=\"1457\" data-end=\"1529\">La broche de signal Power Good (PG) est tir\u00e9e vers le haut vers Vcc.<\/p><\/li><li data-start=\"1455\" data-end=\"1529\">La r\u00e9sistance s\u00e9rie du module est d&rsquo;environ 37 mOhm.<\/li><\/ul>\t\t\t\t\t\t\t\t<\/div>\n\t\t\t\t<\/div>\n\t\t\t\t<div class=\"elementor-element elementor-element-f4ec701 elementor-widget elementor-widget-heading\" data-id=\"f4ec701\" data-element_type=\"widget\" data-e-type=\"widget\" data-widget_type=\"heading.default\">\n\t\t\t\t<div class=\"elementor-widget-container\">\n\t\t\t\t\t<h2 class=\"elementor-heading-title elementor-size-default\">\ud83d\udd0c R\u00e9initialisation du module apr\u00e8s des \u00e9v\u00e9nements de surintensit\u00e9<\/h2>\t\t\t\t<\/div>\n\t\t\t\t<\/div>\n\t\t\t\t<div class=\"elementor-element elementor-element-07773d5 elementor-widget elementor-widget-text-editor\" data-id=\"07773d5\" data-element_type=\"widget\" data-e-type=\"widget\" data-widget_type=\"text-editor.default\">\n\t\t\t\t<div class=\"elementor-widget-container\">\n\t\t\t\t\t\t\t\t\t<p class=\"\" data-start=\"1899\" data-end=\"2011\">Lorsque le module subit un \u00e9v\u00e9nement de surintensit\u00e9 et s&rsquo;\u00e9teint, il peut \u00eatre r\u00e9initialis\u00e9 en appuyant sur le bouton de r\u00e9initialisation (RST) ou en envoyant une impulsion \u00e9lectrique \u00e0 la broche de r\u00e9initialisation allant de 3 \u00e0 15 V.<\/p><p data-start=\"1899\" data-end=\"2011\">Notez que cette carte n&rsquo;est con\u00e7ue que pour 5 A de courant continu. Le r\u00e9glage de 5,5 A est uniquement destin\u00e9 \u00e0 une condition transitoire. La fonction d&rsquo;arr\u00eat thermique du circuit int\u00e9gr\u00e9 se d\u00e9clenchera si vous essayez de tirer autant de courant en continu sans dissipateur thermique.  <\/p>\t\t\t\t\t\t\t\t<\/div>\n\t\t\t\t<\/div>\n\t\t\t\t<div class=\"elementor-element elementor-element-07ee1b0 elementor-widget elementor-widget-heading\" data-id=\"07ee1b0\" data-element_type=\"widget\" data-e-type=\"widget\" data-widget_type=\"heading.default\">\n\t\t\t\t<div class=\"elementor-widget-container\">\n\t\t\t\t\t<h2 class=\"elementor-heading-title elementor-size-default\">\ud83d\udcd8 Ressources suppl\u00e9mentaires<\/h2>\t\t\t\t<\/div>\n\t\t\t\t<\/div>\n\t\t\t\t<\/div>\n\t\t\t\t<\/div>\n\t\t\t\t<\/div>\n\t\t\t\t\t<\/div>\n\t\t\t\t<\/div>\n\t\t<div class=\"elementor-element elementor-element-9872d75 e-flex e-con-boxed e-con e-parent\" data-id=\"9872d75\" data-element_type=\"container\" data-e-type=\"container\">\n\t\t\t\t\t<div class=\"e-con-inner\">\n\t\t\t\t<div class=\"elementor-element elementor-element-35d0e0e elementor-widget elementor-widget-text-editor\" data-id=\"35d0e0e\" data-element_type=\"widget\" data-e-type=\"widget\" data-widget_type=\"text-editor.default\">\n\t\t\t\t<div class=\"elementor-widget-container\">\n\t\t\t\t\t\t\t\t\t<p data-start=\"1899\" data-end=\"2011\">Apprenez-en davantage pour utiliser efficacement le FlexTrip dans diverses applications. Tout le contenu appartient aux propri\u00e9taires d\u2019origine, que nous avons li\u00e9s. <\/p><p data-start=\"1899\" data-end=\"2011\"><strong>[Circuits de protection continue contre les surtensions]&nbsp;:<\/strong><\/p><ul><li data-start=\"1899\" data-end=\"2011\">Comprenez les avantages et les inconv\u00e9nients des circuits OVP \u00e0 semi-conducteurs sur notre article de blog <a href=\"https:\/\/pnlabs.ca\/fr\/circuits-de-protection-continue-contre-les-surtensions\/\">ici.<\/a><\/li><\/ul><p data-start=\"1899\" data-end=\"2011\"><strong>[Power ORing et multiplexage]&nbsp;:<\/strong><\/p><ul><li data-start=\"1899\" data-end=\"2011\">Pr\u00e9sentation du multiplexage de puissance&nbsp;: Rapport d\u2019application de Texas&nbsp;Instruments (<em><a href=\"https:\/\/www.ti.com\/lit\/an\/slvae51a\/slvae51a.pdf\" target=\"_blank\" rel=\"noopener\">Principes de base du Power&nbsp;Mux<\/a>)<\/em><\/li><li data-start=\"1899\" data-end=\"2011\">Pr\u00e9occupations du Power&nbsp;Mux&nbsp;: Rapport d\u2019application de Texas&nbsp;Instruments (<em><a href=\"https:\/\/www.ti.com\/lit\/an\/slva811a\/slva811a.pdf?\" target=\"_blank\" rel=\"noopener\">Multiplexage de puissance \u00e0 l\u2019aide de commutateurs de charge et d\u2019eFuses<\/a><\/em>)<\/li><\/ul><p><strong>[Pr\u00e9sentation des e-Fuses]&nbsp;:<\/strong><\/p><ul><li>GreatScott&nbsp;! Explique comment fonctionnent les eFuses et pourquoi elles sont g\u00e9niales (<a href=\"https:\/\/www.youtube.com\/watch?v=JOhQ3nsR7xo\" target=\"_blank\" rel=\"noopener\">YouTube<\/a>) <\/li><\/ul><p>Comparez FlexTrip avec le <a href=\"https:\/\/pnlabs.ca\/shop\/protectnano\/\">Protect Nano<\/a>, qui a des coupures de surtension et de sous-tension int\u00e9gr\u00e9es.<\/p>\t\t\t\t\t\t\t\t<\/div>\n\t\t\t\t<\/div>\n\t\t\t\t\t<\/div>\n\t\t\t\t<\/div>\n\t\t\t\t<\/div>\n\t\t","protected":false},"excerpt":{"rendered":"<p>Le FlexTrip est un fusible \u00e9lectronique CC (e-fuse) basse tension tr\u00e8s efficace, avec une diode id\u00e9ale int\u00e9gr\u00e9e, con\u00e7u pour un courant continu allant jusqu&rsquo;\u00e0 5 A entre 3 et 22 V.<\/p>\n<p>Il est r\u00e9armable \u00e9lectriquement et m\u00e9caniquement et poss\u00e8de un signal de validation de l&rsquo;alimentation (PG) \u00e0 drain ouvert pour l&rsquo;interfa\u00e7age avec des microcontr\u00f4leurs et d&rsquo;autres dispositifs.<\/p>\n","protected":false},"featured_media":1722,"comment_status":"open","ping_status":"closed","template":"","meta":[],"product_brand":[],"product_cat":[58],"product_tag":[61,60,64,63,67,62],"class_list":{"0":"post-1721","1":"product","2":"type-product","3":"status-publish","4":"has-post-thumbnail","6":"product_cat-circuit-protection","7":"product_tag-alimentation","8":"product_tag-cc","9":"product_tag-circuit","10":"product_tag-module","11":"product_tag-protection-2","12":"product_tag-protection","14":"first","15":"instock","16":"shipping-taxable","17":"purchasable","18":"product-type-simple"},"yoast_head":"<!-- This site is optimized with the Yoast SEO plugin v27.3 - https:\/\/yoast.com\/product\/yoast-seo-wordpress\/ -->\n<title>FlexTrip\u00a0: Module e-Fuse r\u00e9glable 3-22\u00a0V, 5,5\u00a0A - PN Labs Electronics<\/title>\n<meta name=\"description\" content=\"FlexTrip\u00a0: e-Fuse r\u00e9glable (3\u201322\u00a0V, 5,5\u00a0A) avec fonctionnalit\u00e9 de verrouillage, arr\u00eat thermique et interface num\u00e9rique, pour la protection et le multiplexage des chemins d\u2019alimentation\" \/>\n<meta name=\"robots\" content=\"index, follow, max-snippet:-1, max-image-preview:large, max-video-preview:-1\" \/>\n<link rel=\"canonical\" href=\"https:\/\/pnlabs.ca\/fr\/shop\/flextrip\/\" \/>\n<meta property=\"og:locale\" content=\"fr_FR\" \/>\n<meta property=\"og:type\" content=\"article\" \/>\n<meta property=\"og:title\" content=\"FlexTrip\u00a0: Module e-Fuse r\u00e9glable 3-22\u00a0V, 5,5\u00a0A - PN Labs Electronics\" \/>\n<meta property=\"og:description\" content=\"FlexTrip\u00a0: e-Fuse r\u00e9glable (3\u201322\u00a0V, 5,5\u00a0A) avec fonctionnalit\u00e9 de verrouillage, arr\u00eat thermique et interface num\u00e9rique, pour la protection et le multiplexage des chemins d\u2019alimentation\" \/>\n<meta property=\"og:url\" content=\"https:\/\/pnlabs.ca\/fr\/shop\/flextrip\/\" \/>\n<meta property=\"og:site_name\" content=\"PN Labs Electronics\" \/>\n<meta property=\"article:modified_time\" content=\"2026-03-22T05:24:20+00:00\" \/>\n<meta property=\"og:image\" content=\"https:\/\/pnlabs.ca\/wp-content\/uploads\/2025\/09\/FlexTrip-1-1.webp\" \/>\n\t<meta property=\"og:image:width\" content=\"2560\" \/>\n\t<meta property=\"og:image:height\" content=\"1707\" \/>\n\t<meta property=\"og:image:type\" content=\"image\/webp\" \/>\n<meta name=\"twitter:card\" content=\"summary_large_image\" \/>\n<meta name=\"twitter:label1\" content=\"Dur\u00e9e de lecture estim\u00e9e\" \/>\n\t<meta name=\"twitter:data1\" content=\"4 minutes\" \/>\n<script type=\"application\/ld+json\" class=\"yoast-schema-graph\">{\"@context\":\"https:\\\/\\\/schema.org\",\"@graph\":[{\"@type\":\"WebPage\",\"@id\":\"https:\\\/\\\/pnlabs.ca\\\/fr\\\/shop\\\/flextrip\\\/\",\"url\":\"https:\\\/\\\/pnlabs.ca\\\/fr\\\/shop\\\/flextrip\\\/\",\"name\":\"FlexTrip\u00a0: Module e-Fuse r\u00e9glable 3-22\u00a0V, 5,5\u00a0A - PN Labs Electronics\",\"isPartOf\":{\"@id\":\"https:\\\/\\\/pnlabs.ca\\\/fr\\\/#website\"},\"primaryImageOfPage\":{\"@id\":\"https:\\\/\\\/pnlabs.ca\\\/fr\\\/shop\\\/flextrip\\\/#primaryimage\"},\"image\":{\"@id\":\"https:\\\/\\\/pnlabs.ca\\\/fr\\\/shop\\\/flextrip\\\/#primaryimage\"},\"thumbnailUrl\":\"https:\\\/\\\/pnlabs.ca\\\/wp-content\\\/uploads\\\/2025\\\/09\\\/FlexTrip-1-1.webp\",\"datePublished\":\"2025-09-12T20:37:34+00:00\",\"dateModified\":\"2026-03-22T05:24:20+00:00\",\"description\":\"FlexTrip\u00a0: e-Fuse r\u00e9glable (3\u201322\u00a0V, 5,5\u00a0A) avec fonctionnalit\u00e9 de verrouillage, arr\u00eat thermique et interface num\u00e9rique, pour la protection et le multiplexage des chemins d\u2019alimentation\",\"breadcrumb\":{\"@id\":\"https:\\\/\\\/pnlabs.ca\\\/fr\\\/shop\\\/flextrip\\\/#breadcrumb\"},\"inLanguage\":\"fr-FR\",\"potentialAction\":[{\"@type\":\"ReadAction\",\"target\":[\"https:\\\/\\\/pnlabs.ca\\\/fr\\\/shop\\\/flextrip\\\/\"]}]},{\"@type\":\"ImageObject\",\"inLanguage\":\"fr-FR\",\"@id\":\"https:\\\/\\\/pnlabs.ca\\\/fr\\\/shop\\\/flextrip\\\/#primaryimage\",\"url\":\"https:\\\/\\\/pnlabs.ca\\\/wp-content\\\/uploads\\\/2025\\\/09\\\/FlexTrip-1-1.webp\",\"contentUrl\":\"https:\\\/\\\/pnlabs.ca\\\/wp-content\\\/uploads\\\/2025\\\/09\\\/FlexTrip-1-1.webp\",\"width\":2560,\"height\":1707,\"caption\":\"Fusible \u00e9lectronique r\u00e9glable FlexTrip avec broches d\u2019en-t\u00eate et borniers inclus.\"},{\"@type\":\"BreadcrumbList\",\"@id\":\"https:\\\/\\\/pnlabs.ca\\\/fr\\\/shop\\\/flextrip\\\/#breadcrumb\",\"itemListElement\":[{\"@type\":\"ListItem\",\"position\":1,\"name\":\"Home\",\"item\":\"https:\\\/\\\/pnlabs.ca\\\/fr\\\/accueil\\\/\"},{\"@type\":\"ListItem\",\"position\":2,\"name\":\"Boutique\",\"item\":\"https:\\\/\\\/pnlabs.ca\\\/fr\\\/boutique\\\/\"},{\"@type\":\"ListItem\",\"position\":3,\"name\":\"FlexTrip\"}]},{\"@type\":\"WebSite\",\"@id\":\"https:\\\/\\\/pnlabs.ca\\\/fr\\\/#website\",\"url\":\"https:\\\/\\\/pnlabs.ca\\\/fr\\\/\",\"name\":\"PN Labs Electronics\",\"description\":\"Trusted power management solutions that scale from prototype to production.\",\"publisher\":{\"@id\":\"https:\\\/\\\/pnlabs.ca\\\/fr\\\/#organization\"},\"alternateName\":\"PN Labs\",\"potentialAction\":[{\"@type\":\"SearchAction\",\"target\":{\"@type\":\"EntryPoint\",\"urlTemplate\":\"https:\\\/\\\/pnlabs.ca\\\/fr\\\/?s={search_term_string}\"},\"query-input\":{\"@type\":\"PropertyValueSpecification\",\"valueRequired\":true,\"valueName\":\"search_term_string\"}}],\"inLanguage\":\"fr-FR\"},{\"@type\":\"Organization\",\"@id\":\"https:\\\/\\\/pnlabs.ca\\\/fr\\\/#organization\",\"name\":\"PN labs\",\"alternateName\":\"PN Labs Inc.\",\"url\":\"https:\\\/\\\/pnlabs.ca\\\/fr\\\/\",\"logo\":{\"@type\":\"ImageObject\",\"inLanguage\":\"fr-FR\",\"@id\":\"https:\\\/\\\/pnlabs.ca\\\/fr\\\/#\\\/schema\\\/logo\\\/image\\\/\",\"url\":\"https:\\\/\\\/pnlabs.ca\\\/wp-content\\\/uploads\\\/2025\\\/09\\\/PN-Labs-Logo-1.webp\",\"contentUrl\":\"https:\\\/\\\/pnlabs.ca\\\/wp-content\\\/uploads\\\/2025\\\/09\\\/PN-Labs-Logo-1.webp\",\"width\":2000,\"height\":2000,\"caption\":\"PN labs\"},\"image\":{\"@id\":\"https:\\\/\\\/pnlabs.ca\\\/fr\\\/#\\\/schema\\\/logo\\\/image\\\/\"}}]}<\/script>\n<!-- \/ Yoast SEO plugin. -->","yoast_head_json":{"title":"FlexTrip\u00a0: Module e-Fuse r\u00e9glable 3-22\u00a0V, 5,5\u00a0A - PN Labs Electronics","description":"FlexTrip\u00a0: e-Fuse r\u00e9glable (3\u201322\u00a0V, 5,5\u00a0A) avec fonctionnalit\u00e9 de verrouillage, arr\u00eat thermique et interface num\u00e9rique, pour la protection et le multiplexage des chemins d\u2019alimentation","robots":{"index":"index","follow":"follow","max-snippet":"max-snippet:-1","max-image-preview":"max-image-preview:large","max-video-preview":"max-video-preview:-1"},"canonical":"https:\/\/pnlabs.ca\/fr\/shop\/flextrip\/","og_locale":"fr_FR","og_type":"article","og_title":"FlexTrip\u00a0: Module e-Fuse r\u00e9glable 3-22\u00a0V, 5,5\u00a0A - PN Labs Electronics","og_description":"FlexTrip\u00a0: e-Fuse r\u00e9glable (3\u201322\u00a0V, 5,5\u00a0A) avec fonctionnalit\u00e9 de verrouillage, arr\u00eat thermique et interface num\u00e9rique, pour la protection et le multiplexage des chemins d\u2019alimentation","og_url":"https:\/\/pnlabs.ca\/fr\/shop\/flextrip\/","og_site_name":"PN Labs Electronics","article_modified_time":"2026-03-22T05:24:20+00:00","og_image":[{"width":2560,"height":1707,"url":"https:\/\/pnlabs.ca\/wp-content\/uploads\/2025\/09\/FlexTrip-1-1.webp","type":"image\/webp"}],"twitter_card":"summary_large_image","twitter_misc":{"Dur\u00e9e de lecture estim\u00e9e":"4 minutes"},"schema":{"@context":"https:\/\/schema.org","@graph":[{"@type":"WebPage","@id":"https:\/\/pnlabs.ca\/fr\/shop\/flextrip\/","url":"https:\/\/pnlabs.ca\/fr\/shop\/flextrip\/","name":"FlexTrip\u00a0: Module e-Fuse r\u00e9glable 3-22\u00a0V, 5,5\u00a0A - PN Labs Electronics","isPartOf":{"@id":"https:\/\/pnlabs.ca\/fr\/#website"},"primaryImageOfPage":{"@id":"https:\/\/pnlabs.ca\/fr\/shop\/flextrip\/#primaryimage"},"image":{"@id":"https:\/\/pnlabs.ca\/fr\/shop\/flextrip\/#primaryimage"},"thumbnailUrl":"https:\/\/pnlabs.ca\/wp-content\/uploads\/2025\/09\/FlexTrip-1-1.webp","datePublished":"2025-09-12T20:37:34+00:00","dateModified":"2026-03-22T05:24:20+00:00","description":"FlexTrip\u00a0: e-Fuse r\u00e9glable (3\u201322\u00a0V, 5,5\u00a0A) avec fonctionnalit\u00e9 de verrouillage, arr\u00eat thermique et interface num\u00e9rique, pour la protection et le multiplexage des chemins d\u2019alimentation","breadcrumb":{"@id":"https:\/\/pnlabs.ca\/fr\/shop\/flextrip\/#breadcrumb"},"inLanguage":"fr-FR","potentialAction":[{"@type":"ReadAction","target":["https:\/\/pnlabs.ca\/fr\/shop\/flextrip\/"]}]},{"@type":"ImageObject","inLanguage":"fr-FR","@id":"https:\/\/pnlabs.ca\/fr\/shop\/flextrip\/#primaryimage","url":"https:\/\/pnlabs.ca\/wp-content\/uploads\/2025\/09\/FlexTrip-1-1.webp","contentUrl":"https:\/\/pnlabs.ca\/wp-content\/uploads\/2025\/09\/FlexTrip-1-1.webp","width":2560,"height":1707,"caption":"Fusible \u00e9lectronique r\u00e9glable FlexTrip avec broches d\u2019en-t\u00eate et borniers inclus."},{"@type":"BreadcrumbList","@id":"https:\/\/pnlabs.ca\/fr\/shop\/flextrip\/#breadcrumb","itemListElement":[{"@type":"ListItem","position":1,"name":"Home","item":"https:\/\/pnlabs.ca\/fr\/accueil\/"},{"@type":"ListItem","position":2,"name":"Boutique","item":"https:\/\/pnlabs.ca\/fr\/boutique\/"},{"@type":"ListItem","position":3,"name":"FlexTrip"}]},{"@type":"WebSite","@id":"https:\/\/pnlabs.ca\/fr\/#website","url":"https:\/\/pnlabs.ca\/fr\/","name":"PN Labs Electronics","description":"Trusted power management solutions that scale from prototype to production.","publisher":{"@id":"https:\/\/pnlabs.ca\/fr\/#organization"},"alternateName":"PN Labs","potentialAction":[{"@type":"SearchAction","target":{"@type":"EntryPoint","urlTemplate":"https:\/\/pnlabs.ca\/fr\/?s={search_term_string}"},"query-input":{"@type":"PropertyValueSpecification","valueRequired":true,"valueName":"search_term_string"}}],"inLanguage":"fr-FR"},{"@type":"Organization","@id":"https:\/\/pnlabs.ca\/fr\/#organization","name":"PN labs","alternateName":"PN Labs Inc.","url":"https:\/\/pnlabs.ca\/fr\/","logo":{"@type":"ImageObject","inLanguage":"fr-FR","@id":"https:\/\/pnlabs.ca\/fr\/#\/schema\/logo\/image\/","url":"https:\/\/pnlabs.ca\/wp-content\/uploads\/2025\/09\/PN-Labs-Logo-1.webp","contentUrl":"https:\/\/pnlabs.ca\/wp-content\/uploads\/2025\/09\/PN-Labs-Logo-1.webp","width":2000,"height":2000,"caption":"PN labs"},"image":{"@id":"https:\/\/pnlabs.ca\/fr\/#\/schema\/logo\/image\/"}}]}},"jetpack_sharing_enabled":true,"_links":{"self":[{"href":"https:\/\/pnlabs.ca\/fr\/wp-json\/wp\/v2\/product\/1721","targetHints":{"allow":["GET"]}}],"collection":[{"href":"https:\/\/pnlabs.ca\/fr\/wp-json\/wp\/v2\/product"}],"about":[{"href":"https:\/\/pnlabs.ca\/fr\/wp-json\/wp\/v2\/types\/product"}],"replies":[{"embeddable":true,"href":"https:\/\/pnlabs.ca\/fr\/wp-json\/wp\/v2\/comments?post=1721"}],"version-history":[{"count":4,"href":"https:\/\/pnlabs.ca\/fr\/wp-json\/wp\/v2\/product\/1721\/revisions"}],"predecessor-version":[{"id":3045,"href":"https:\/\/pnlabs.ca\/fr\/wp-json\/wp\/v2\/product\/1721\/revisions\/3045"}],"wp:featuredmedia":[{"embeddable":true,"href":"https:\/\/pnlabs.ca\/fr\/wp-json\/wp\/v2\/media\/1722"}],"wp:attachment":[{"href":"https:\/\/pnlabs.ca\/fr\/wp-json\/wp\/v2\/media?parent=1721"}],"wp:term":[{"taxonomy":"product_brand","embeddable":true,"href":"https:\/\/pnlabs.ca\/fr\/wp-json\/wp\/v2\/product_brand?post=1721"},{"taxonomy":"product_cat","embeddable":true,"href":"https:\/\/pnlabs.ca\/fr\/wp-json\/wp\/v2\/product_cat?post=1721"},{"taxonomy":"product_tag","embeddable":true,"href":"https:\/\/pnlabs.ca\/fr\/wp-json\/wp\/v2\/product_tag?post=1721"}],"curies":[{"name":"wp","href":"https:\/\/api.w.org\/{rel}","templated":true}]}}