{"id":1735,"date":"2025-04-16T03:49:56","date_gmt":"2025-04-16T07:49:56","guid":{"rendered":"https:\/\/pnlabs.ca\/politique-de-confidentialite\/"},"modified":"2026-01-27T22:59:33","modified_gmt":"2026-01-28T03:59:33","slug":"politique-de-confidentialite","status":"publish","type":"page","link":"https:\/\/pnlabs.ca\/fr\/politique-de-confidentialite\/","title":{"rendered":"Politique de Confidentialit\u00e9"},"content":{"rendered":"\t\t<div data-elementor-type=\"wp-page\" data-elementor-id=\"1735\" class=\"elementor elementor-1735 elementor-462\" data-elementor-post-type=\"page\">\n\t\t\t\t<div class=\"elementor-element elementor-element-20d8693 e-flex e-con-boxed e-con e-parent\" data-id=\"20d8693\" data-element_type=\"container\" data-e-type=\"container\">\n\t\t\t\t\t<div class=\"e-con-inner\">\n\t\t\t\t<div class=\"elementor-element elementor-element-411057d elementor-widget elementor-widget-heading\" data-id=\"411057d\" data-element_type=\"widget\" data-e-type=\"widget\" data-widget_type=\"heading.default\">\n\t\t\t\t<div class=\"elementor-widget-container\">\n\t\t\t\t\t<h1 class=\"elementor-heading-title elementor-size-default\">Politique de confidentialit\u00e9\n<\/h1>\t\t\t\t<\/div>\n\t\t\t\t<\/div>\n\t\t\t\t<div class=\"elementor-element elementor-element-258b699 elementor-widget elementor-widget-text-editor\" data-id=\"258b699\" data-element_type=\"widget\" data-e-type=\"widget\" data-widget_type=\"text-editor.default\">\n\t\t\t\t<div class=\"elementor-widget-container\">\n\t\t\t\t\t\t\t\t\t<p data-start=\"76\" data-end=\"351\">Veuillez lire attentivement la politique de confidentialit\u00e9 suivante concernant l&rsquo;utilisation du site web et des produits de PN Labs. En utilisant le site web ou nos produits, vous indiquez que vous avez lu cette politique de confidentialit\u00e9. Si vous n&rsquo;acceptez pas ces politiques, veuillez ne pas utiliser le site web ou les produits de PN Labs.  <\/p><p class=\"\" data-start=\"156\" data-end=\"206\"><strong data-start=\"156\" data-end=\"174\">Politique de confidentialit\u00e9<\/strong><br data-start=\"174\" data-end=\"177\"><em data-start=\"177\" data-end=\"206\">Derni\u00e8re mise \u00e0 jour&nbsp;: 16&nbsp;novembre&nbsp;2025<\/em><\/p><p class=\"\" data-start=\"208\" data-end=\"448\"><strong>PN Labs<\/strong> (\u00ab nous \u00bb, \u00ab notre \u00bb ou \u00ab nos \u00bb) accorde de l&rsquo;importance \u00e0 votre vie priv\u00e9e. Cette politique de confidentialit\u00e9 explique comment nous recueillons, utilisons et prot\u00e9geons vos informations lorsque vous visitez notre site web [<a class=\"\" href=\"https:\/\/pnlabs.ca\/fr\/\" target=\"_blank\" rel=\"noopener\">https:\/\/pnlabs.ca<\/a>], effectuez un achat ou vous inscrivez \u00e0 notre newsletter. <\/p><h3 class=\"\" data-start=\"455\" data-end=\"484\"><strong>Informations que nous recueillons<\/strong><\/h3><p class=\"\" data-start=\"486\" data-end=\"532\">Nous recueillons les types d&rsquo;informations suivants :<\/p><ul data-start=\"534\" data-end=\"1010\"><li class=\"\" data-start=\"534\" data-end=\"670\"><p class=\"\" data-start=\"536\" data-end=\"670\"><strong data-start=\"536\" data-end=\"560\">Informations personnelles<\/strong> : Nom, adresse e-mail, adresse de livraison\/facturation et d\u00e9tails de paiement (trait\u00e9s en toute s\u00e9curit\u00e9 par Stripe).<\/p><\/li><li class=\"\" data-start=\"671\" data-end=\"743\"><p class=\"\" data-start=\"673\" data-end=\"743\"><strong data-start=\"673\" data-end=\"690\">D\u00e9tails de la commande<\/strong> : Produits achet\u00e9s, historique des commandes, statut de l&rsquo;exp\u00e9dition.<\/p><\/li><li class=\"\" data-start=\"744\" data-end=\"877\"><p class=\"\" data-start=\"746\" data-end=\"877\"><strong data-start=\"746\" data-end=\"770\">Communications par e-mail<\/strong> : Si vous vous inscrivez \u00e0 notre newsletter, nous recueillons votre e-mail et suivons l&rsquo;engagement (par exemple, les taux d&rsquo;ouverture et de clics).<\/p><\/li><li class=\"\" data-start=\"878\" data-end=\"1010\"><p class=\"\" data-start=\"880\" data-end=\"1010\"><strong data-start=\"880\" data-end=\"903\">Donn\u00e9es relatives \u00e0 l&rsquo;appareil et \u00e0 l&rsquo;utilisation<\/strong> : Adresse IP, type de navigateur, syst\u00e8me d&rsquo;exploitation et interactions avec le site web via des cookies et des outils d&rsquo;analyse.<\/p><\/li><\/ul><h3 class=\"\" data-start=\"1017\" data-end=\"1051\"><strong>Comment nous utilisons vos informations<\/strong><\/h3><p class=\"\" data-start=\"1053\" data-end=\"1080\">Nous utilisons vos informations pour :<\/p><ul data-start=\"1082\" data-end=\"1315\"><li class=\"\" data-start=\"1082\" data-end=\"1112\"><p class=\"\" data-start=\"1084\" data-end=\"1112\">Traiter et exp\u00e9dier vos commandes<\/p><\/li><li class=\"\" data-start=\"1082\" data-end=\"1112\"><p class=\"\" data-start=\"1084\" data-end=\"1112\">Envoyer des e-mails transactionnels (confirmations de commande, mises \u00e0 jour d&rsquo;exp\u00e9dition)<\/p><\/li><li class=\"\" data-start=\"1181\" data-end=\"1207\"><p class=\"\" data-start=\"1183\" data-end=\"1207\">Fournir un support client<\/p><\/li><li class=\"\" data-start=\"1208\" data-end=\"1271\"><p class=\"\" data-start=\"1210\" data-end=\"1271\">Envoyer des e-mails marketing occasionnels, <strong data-start=\"1244\" data-end=\"1271\">uniquement si vous vous \u00eates inscrit<\/strong><\/p><\/li><li class=\"\" data-start=\"1272\" data-end=\"1315\"><p class=\"\" data-start=\"1274\" data-end=\"1315\">Am\u00e9liorer notre site web et nos offres de produits<\/p><\/li><\/ul><h3 class=\"\" data-start=\"1322\" data-end=\"1345\"><strong>Newsletter par e-mail<\/strong><\/h3><p class=\"\" data-start=\"1347\" data-end=\"1537\">Si vous vous inscrivez \u00e0 notre newsletter, vous recevrez des mises \u00e0 jour sur les nouveaux produits, les offres exclusives et des conseils. Vous pouvez vous d\u00e9sabonner \u00e0 tout moment en utilisant le lien au bas de tout e-mail marketing. <\/p><p class=\"\" data-start=\"1539\" data-end=\"1611\">Nous ne vendons <strong data-start=\"1545\" data-end=\"1552\">pas<\/strong> et ne partageons pas votre e-mail avec des tiers \u00e0 des fins de marketing.<\/p><h3 class=\"\" data-start=\"1618\" data-end=\"1649\"><strong>Partage de vos informations<\/strong><\/h3><p class=\"\" data-start=\"1651\" data-end=\"1731\">Nous ne partageons vos donn\u00e9es qu&rsquo;avec des tiers de confiance n\u00e9cessaires \u00e0 la gestion de notre entreprise :<\/p><ul data-start=\"1733\" data-end=\"1917\"><li class=\"\" data-start=\"1733\" data-end=\"1780\"><p class=\"\" data-start=\"1735\" data-end=\"1780\"><strong data-start=\"1735\" data-end=\"1757\">Processeurs de paiement<\/strong> (par exemple, Stripe, PayPal)<\/p><\/li><li class=\"\" data-start=\"1781\" data-end=\"1805\"><p class=\"\" data-start=\"1783\" data-end=\"1805\"><strong data-start=\"1783\" data-end=\"1805\">Fournisseurs d&rsquo;exp\u00e9dition<\/strong> (par exemple, Shippo et les services postaux)<\/p><\/li><li class=\"\" data-start=\"1806\" data-end=\"1867\"><p class=\"\" data-start=\"1808\" data-end=\"1867\"><strong data-start=\"1808\" data-end=\"1837\">Plateformes de marketing par e-mail<\/strong> (par exemple, Mailchimp, ConvertKit)<\/p><\/li><li class=\"\" data-start=\"1868\" data-end=\"1917\"><p class=\"\" data-start=\"1870\" data-end=\"1917\"><strong data-start=\"1870\" data-end=\"1892\">Services d&rsquo;analyse<\/strong> (par exemple, Google Analytics)<\/p><\/li><\/ul><p class=\"\" data-start=\"1919\" data-end=\"1972\">Nous ne vendons <strong data-start=\"1925\" data-end=\"1932\">pas<\/strong> et ne louons pas vos informations personnelles.<\/p><h3 class=\"\" data-start=\"1979\" data-end=\"2005\"><strong>Cookies et analyses<\/strong><\/h3><p class=\"\" data-start=\"2007\" data-end=\"2025\">Nous utilisons des cookies pour :<\/p><ul data-start=\"2027\" data-end=\"2126\"><li class=\"\" data-start=\"2027\" data-end=\"2054\"><p class=\"\" data-start=\"2029\" data-end=\"2054\">M\u00e9moriser vos pr\u00e9f\u00e9rences<\/p><\/li><li class=\"\" data-start=\"2055\" data-end=\"2079\"><p class=\"\" data-start=\"2057\" data-end=\"2079\">Suivre les performances du site<\/p><\/li><li class=\"\" data-start=\"2080\" data-end=\"2126\"><p class=\"\" data-start=\"2082\" data-end=\"2126\">Analyser le comportement des visiteurs pour am\u00e9liorer le site<\/p><\/li><\/ul><p class=\"\" data-start=\"2128\" data-end=\"2188\">Vous pouvez contr\u00f4ler les param\u00e8tres des cookies dans votre navigateur \u00e0 tout moment.<\/p><p data-start=\"2128\" data-end=\"2188\"><em>Nous collaborons avec Microsoft Clarity et Microsoft Advertising pour comprendre comment vous utilisez notre site web et interagissez avec lui, gr\u00e2ce \u00e0 des mesures comportementales, des cartes thermiques et la relecture de session, afin d\u2019am\u00e9liorer et de commercialiser nos produits\/services. Les donn\u00e9es d\u2019utilisation du site web sont captur\u00e9es \u00e0 l\u2019aide de cookies propri\u00e9taires et tiers, ainsi que d\u2019autres technologies de suivi, afin de d\u00e9terminer la popularit\u00e9 des produits\/services et l\u2019activit\u00e9 en ligne. De plus, nous utilisons ces informations \u00e0 des fins d\u2019optimisation du site, de lutte contre la fraude\/de s\u00e9curit\u00e9 et de publicit\u00e9. Pour plus d\u2019informations sur la mani\u00e8re dont Microsoft collecte et utilise vos donn\u00e9es, consultez la <a href=\"https:\/\/www.microsoft.com\/privacy\/privacystatement\" data-linktype=\"external\">D\u00e9claration de confidentialit\u00e9 de Microsoft<\/a>.   <\/em><\/p><h3 class=\"\" data-start=\"2195\" data-end=\"2225\"><strong>Stockage et s\u00e9curit\u00e9 des donn\u00e9es<\/strong><\/h3><p class=\"\" data-start=\"2227\" data-end=\"2382\">Vos donn\u00e9es sont stock\u00e9es en toute s\u00e9curit\u00e9 \u00e0 l&rsquo;aide de mesures conformes aux normes de l&rsquo;industrie. Les informations de paiement ne sont jamais stock\u00e9es sur nos serveurs, elles sont g\u00e9r\u00e9es par des processeurs conformes \u00e0 la norme PCI. <\/p><h3 class=\"\" data-start=\"2389\" data-end=\"2407\"><strong>Vos droits<\/strong><\/h3><p class=\"\" data-start=\"2409\" data-end=\"2462\">Si vous \u00eates situ\u00e9 au <strong data-start=\"2430\" data-end=\"2452\">Canada ou aux \u00c9tats-Unis<\/strong>, vous pouvez :<\/p><ul data-start=\"2464\" data-end=\"2619\"><li class=\"\" data-start=\"2464\" data-end=\"2519\"><p class=\"\" data-start=\"2466\" data-end=\"2519\">Demander l&rsquo;acc\u00e8s \u00e0 vos donn\u00e9es personnelles ou leur correction<\/p><\/li><li class=\"\" data-start=\"2520\" data-end=\"2568\"><p class=\"\" data-start=\"2522\" data-end=\"2568\">Retirer votre consentement aux communications marketing<\/p><\/li><li class=\"\" data-start=\"2569\" data-end=\"2619\"><p class=\"\" data-start=\"2571\" data-end=\"2619\">Demander la suppression de vos donn\u00e9es (le cas \u00e9ch\u00e9ant)<\/p><\/li><\/ul><p class=\"\" data-start=\"2621\" data-end=\"2675\">Pour faire une demande, contactez-nous \u00e0 pnlabscontact@gmail.com.<\/p><h3 class=\"\" data-start=\"2682\" data-end=\"2708\"><strong>Utilisateurs internationaux<\/strong><\/h3><p class=\"\" data-start=\"2710\" data-end=\"2902\">Notre site web est bas\u00e9 aux <strong data-start=\"2738\" data-end=\"2755\">\u00c9tats-Unis<\/strong>, et nous vendons principalement \u00e0 des clients aux <strong data-start=\"2799\" data-end=\"2818\">\u00c9tats-Unis et au Canada<\/strong>. En utilisant notre site, vous consentez \u00e0 ce que vos donn\u00e9es soient trait\u00e9es et stock\u00e9es aux \u00c9tats-Unis. <\/p><h3 class=\"\" data-start=\"2909\" data-end=\"2938\"><strong>Modifications de cette politique<\/strong><\/h3><p class=\"\" data-start=\"2940\" data-end=\"3058\">Nous pouvons mettre \u00e0 jour cette politique de confidentialit\u00e9 si n\u00e9cessaire. Toute modification sera affich\u00e9e sur cette page avec la date de r\u00e9vision en haut. <\/p><h3 class=\"\" data-start=\"3065\" data-end=\"3083\"><strong>Contactez-nous<\/strong><\/h3><p class=\"\" data-start=\"3085\" data-end=\"3197\">Si vous avez des questions ou des pr\u00e9occupations, vous pouvez nous joindre \u00e0 l&rsquo;adresse suivante : \ud83c\udf10 <strong data-start=\"3172\" data-end=\"3197\"><a class=\"\" href=\"https:\/\/pnlabs.ca\/fr\/contact\/\" rel=\"noopener\" data-start=\"3174\" data-end=\"3195\">Contact<\/a><\/strong><\/p>\t\t\t\t\t\t\t\t<\/div>\n\t\t\t\t<\/div>\n\t\t\t\t\t<\/div>\n\t\t\t\t<\/div>\n\t\t\t\t<\/div>\n\t\t","protected":false},"excerpt":{"rendered":"<p>Politique de confidentialit\u00e9 Veuillez lire attentivement la politique de confidentialit\u00e9 suivante concernant l&rsquo;utilisation du site web et des produits de PN Labs. En utilisant le site web ou nos produits, vous indiquez que vous avez lu cette politique de confidentialit\u00e9. Si vous n&rsquo;acceptez pas ces politiques, veuillez ne pas utiliser le site web ou les [&hellip;]<\/p>\n","protected":false},"author":1,"featured_media":0,"parent":0,"menu_order":0,"comment_status":"closed","ping_status":"closed","template":"","meta":{"footnotes":""},"class_list":["post-1735","page","type-page","status-publish","hentry"],"yoast_head":"<!-- This site is optimized with the Yoast SEO plugin v27.3 - https:\/\/yoast.com\/product\/yoast-seo-wordpress\/ -->\n<title>Politique de Confidentialit\u00e9 - PN Labs Electronics<\/title>\n<meta name=\"robots\" content=\"index, follow, max-snippet:-1, max-image-preview:large, max-video-preview:-1\" \/>\n<link rel=\"canonical\" href=\"https:\/\/pnlabs.ca\/fr\/politique-de-confidentialite\/\" \/>\n<meta property=\"og:locale\" content=\"fr_FR\" \/>\n<meta property=\"og:type\" content=\"article\" \/>\n<meta property=\"og:title\" content=\"Politique de Confidentialit\u00e9 - PN Labs Electronics\" \/>\n<meta property=\"og:description\" content=\"Politique de confidentialit\u00e9 Veuillez lire attentivement la politique de confidentialit\u00e9 suivante concernant l&rsquo;utilisation du site web et des produits de PN Labs. En utilisant le site web ou nos produits, vous indiquez que vous avez lu cette politique de confidentialit\u00e9. Si vous n&rsquo;acceptez pas ces politiques, veuillez ne pas utiliser le site web ou les [&hellip;]\" \/>\n<meta property=\"og:url\" content=\"https:\/\/pnlabs.ca\/fr\/politique-de-confidentialite\/\" \/>\n<meta property=\"og:site_name\" content=\"PN Labs Electronics\" \/>\n<meta property=\"article:modified_time\" content=\"2026-01-28T03:59:33+00:00\" \/>\n<meta name=\"twitter:card\" content=\"summary_large_image\" \/>\n<meta name=\"twitter:label1\" content=\"Dur\u00e9e de lecture estim\u00e9e\" \/>\n\t<meta name=\"twitter:data1\" content=\"4 minutes\" \/>\n<script type=\"application\/ld+json\" class=\"yoast-schema-graph\">{\"@context\":\"https:\\\/\\\/schema.org\",\"@graph\":[{\"@type\":\"WebPage\",\"@id\":\"https:\\\/\\\/pnlabs.ca\\\/fr\\\/politique-de-confidentialite\\\/\",\"url\":\"https:\\\/\\\/pnlabs.ca\\\/fr\\\/politique-de-confidentialite\\\/\",\"name\":\"Politique de Confidentialit\u00e9 - PN Labs Electronics\",\"isPartOf\":{\"@id\":\"https:\\\/\\\/pnlabs.ca\\\/fr\\\/#website\"},\"datePublished\":\"2025-04-16T07:49:56+00:00\",\"dateModified\":\"2026-01-28T03:59:33+00:00\",\"breadcrumb\":{\"@id\":\"https:\\\/\\\/pnlabs.ca\\\/fr\\\/politique-de-confidentialite\\\/#breadcrumb\"},\"inLanguage\":\"fr-FR\",\"potentialAction\":[{\"@type\":\"ReadAction\",\"target\":[\"https:\\\/\\\/pnlabs.ca\\\/fr\\\/politique-de-confidentialite\\\/\"]}]},{\"@type\":\"BreadcrumbList\",\"@id\":\"https:\\\/\\\/pnlabs.ca\\\/fr\\\/politique-de-confidentialite\\\/#breadcrumb\",\"itemListElement\":[{\"@type\":\"ListItem\",\"position\":1,\"name\":\"Home\",\"item\":\"https:\\\/\\\/pnlabs.ca\\\/fr\\\/accueil\\\/\"},{\"@type\":\"ListItem\",\"position\":2,\"name\":\"Politique de Confidentialit\u00e9\"}]},{\"@type\":\"WebSite\",\"@id\":\"https:\\\/\\\/pnlabs.ca\\\/fr\\\/#website\",\"url\":\"https:\\\/\\\/pnlabs.ca\\\/fr\\\/\",\"name\":\"PN Labs Electronics\",\"description\":\"Trusted power management solutions that scale from prototype to production.\",\"publisher\":{\"@id\":\"https:\\\/\\\/pnlabs.ca\\\/fr\\\/#organization\"},\"alternateName\":\"PN Labs\",\"potentialAction\":[{\"@type\":\"SearchAction\",\"target\":{\"@type\":\"EntryPoint\",\"urlTemplate\":\"https:\\\/\\\/pnlabs.ca\\\/fr\\\/?s={search_term_string}\"},\"query-input\":{\"@type\":\"PropertyValueSpecification\",\"valueRequired\":true,\"valueName\":\"search_term_string\"}}],\"inLanguage\":\"fr-FR\"},{\"@type\":\"Organization\",\"@id\":\"https:\\\/\\\/pnlabs.ca\\\/fr\\\/#organization\",\"name\":\"PN labs\",\"alternateName\":\"PN Labs Inc.\",\"url\":\"https:\\\/\\\/pnlabs.ca\\\/fr\\\/\",\"logo\":{\"@type\":\"ImageObject\",\"inLanguage\":\"fr-FR\",\"@id\":\"https:\\\/\\\/pnlabs.ca\\\/fr\\\/#\\\/schema\\\/logo\\\/image\\\/\",\"url\":\"https:\\\/\\\/pnlabs.ca\\\/wp-content\\\/uploads\\\/2025\\\/09\\\/PN-Labs-Logo-1.webp\",\"contentUrl\":\"https:\\\/\\\/pnlabs.ca\\\/wp-content\\\/uploads\\\/2025\\\/09\\\/PN-Labs-Logo-1.webp\",\"width\":2000,\"height\":2000,\"caption\":\"PN labs\"},\"image\":{\"@id\":\"https:\\\/\\\/pnlabs.ca\\\/fr\\\/#\\\/schema\\\/logo\\\/image\\\/\"}}]}<\/script>\n<!-- \/ Yoast SEO plugin. -->","yoast_head_json":{"title":"Politique de Confidentialit\u00e9 - PN Labs Electronics","robots":{"index":"index","follow":"follow","max-snippet":"max-snippet:-1","max-image-preview":"max-image-preview:large","max-video-preview":"max-video-preview:-1"},"canonical":"https:\/\/pnlabs.ca\/fr\/politique-de-confidentialite\/","og_locale":"fr_FR","og_type":"article","og_title":"Politique de Confidentialit\u00e9 - PN Labs Electronics","og_description":"Politique de confidentialit\u00e9 Veuillez lire attentivement la politique de confidentialit\u00e9 suivante concernant l&rsquo;utilisation du site web et des produits de PN Labs. En utilisant le site web ou nos produits, vous indiquez que vous avez lu cette politique de confidentialit\u00e9. Si vous n&rsquo;acceptez pas ces politiques, veuillez ne pas utiliser le site web ou les [&hellip;]","og_url":"https:\/\/pnlabs.ca\/fr\/politique-de-confidentialite\/","og_site_name":"PN Labs Electronics","article_modified_time":"2026-01-28T03:59:33+00:00","twitter_card":"summary_large_image","twitter_misc":{"Dur\u00e9e de lecture estim\u00e9e":"4 minutes"},"schema":{"@context":"https:\/\/schema.org","@graph":[{"@type":"WebPage","@id":"https:\/\/pnlabs.ca\/fr\/politique-de-confidentialite\/","url":"https:\/\/pnlabs.ca\/fr\/politique-de-confidentialite\/","name":"Politique de Confidentialit\u00e9 - PN Labs Electronics","isPartOf":{"@id":"https:\/\/pnlabs.ca\/fr\/#website"},"datePublished":"2025-04-16T07:49:56+00:00","dateModified":"2026-01-28T03:59:33+00:00","breadcrumb":{"@id":"https:\/\/pnlabs.ca\/fr\/politique-de-confidentialite\/#breadcrumb"},"inLanguage":"fr-FR","potentialAction":[{"@type":"ReadAction","target":["https:\/\/pnlabs.ca\/fr\/politique-de-confidentialite\/"]}]},{"@type":"BreadcrumbList","@id":"https:\/\/pnlabs.ca\/fr\/politique-de-confidentialite\/#breadcrumb","itemListElement":[{"@type":"ListItem","position":1,"name":"Home","item":"https:\/\/pnlabs.ca\/fr\/accueil\/"},{"@type":"ListItem","position":2,"name":"Politique de Confidentialit\u00e9"}]},{"@type":"WebSite","@id":"https:\/\/pnlabs.ca\/fr\/#website","url":"https:\/\/pnlabs.ca\/fr\/","name":"PN Labs Electronics","description":"Trusted power management solutions that scale from prototype to production.","publisher":{"@id":"https:\/\/pnlabs.ca\/fr\/#organization"},"alternateName":"PN Labs","potentialAction":[{"@type":"SearchAction","target":{"@type":"EntryPoint","urlTemplate":"https:\/\/pnlabs.ca\/fr\/?s={search_term_string}"},"query-input":{"@type":"PropertyValueSpecification","valueRequired":true,"valueName":"search_term_string"}}],"inLanguage":"fr-FR"},{"@type":"Organization","@id":"https:\/\/pnlabs.ca\/fr\/#organization","name":"PN labs","alternateName":"PN Labs Inc.","url":"https:\/\/pnlabs.ca\/fr\/","logo":{"@type":"ImageObject","inLanguage":"fr-FR","@id":"https:\/\/pnlabs.ca\/fr\/#\/schema\/logo\/image\/","url":"https:\/\/pnlabs.ca\/wp-content\/uploads\/2025\/09\/PN-Labs-Logo-1.webp","contentUrl":"https:\/\/pnlabs.ca\/wp-content\/uploads\/2025\/09\/PN-Labs-Logo-1.webp","width":2000,"height":2000,"caption":"PN labs"},"image":{"@id":"https:\/\/pnlabs.ca\/fr\/#\/schema\/logo\/image\/"}}]}},"jetpack_sharing_enabled":true,"_links":{"self":[{"href":"https:\/\/pnlabs.ca\/fr\/wp-json\/wp\/v2\/pages\/1735","targetHints":{"allow":["GET"]}}],"collection":[{"href":"https:\/\/pnlabs.ca\/fr\/wp-json\/wp\/v2\/pages"}],"about":[{"href":"https:\/\/pnlabs.ca\/fr\/wp-json\/wp\/v2\/types\/page"}],"author":[{"embeddable":true,"href":"https:\/\/pnlabs.ca\/fr\/wp-json\/wp\/v2\/users\/1"}],"replies":[{"embeddable":true,"href":"https:\/\/pnlabs.ca\/fr\/wp-json\/wp\/v2\/comments?post=1735"}],"version-history":[{"count":6,"href":"https:\/\/pnlabs.ca\/fr\/wp-json\/wp\/v2\/pages\/1735\/revisions"}],"predecessor-version":[{"id":3080,"href":"https:\/\/pnlabs.ca\/fr\/wp-json\/wp\/v2\/pages\/1735\/revisions\/3080"}],"wp:attachment":[{"href":"https:\/\/pnlabs.ca\/fr\/wp-json\/wp\/v2\/media?parent=1735"}],"curies":[{"name":"wp","href":"https:\/\/api.w.org\/{rel}","templated":true}]}}