{"id":1714,"date":"2025-09-16T01:43:32","date_gmt":"2025-09-16T05:43:32","guid":{"rendered":"https:\/\/pnlabs.ca\/recapitulatif-de-la-commande\/"},"modified":"2025-09-18T08:43:36","modified_gmt":"2025-09-18T12:43:36","slug":"recapitulatif-de-la-commande","status":"publish","type":"page","link":"https:\/\/pnlabs.ca\/fr\/recapitulatif-de-la-commande\/","title":{"rendered":"R\u00e9capitulatif de la commande"},"content":{"rendered":"\t\t<div data-elementor-type=\"wp-page\" data-elementor-id=\"1714\" class=\"elementor elementor-1714 elementor-1553\" data-elementor-post-type=\"page\">\n\t\t\t\t<div class=\"elementor-element elementor-element-5bfa5944 e-flex e-con-boxed e-con e-parent\" data-id=\"5bfa5944\" data-element_type=\"container\" data-e-type=\"container\">\n\t\t\t\t\t<div class=\"e-con-inner\">\n\t\t\t\t<div class=\"elementor-element elementor-element-5263572 elementor-view-default elementor-position-block-start elementor-mobile-position-block-start elementor-widget elementor-widget-icon-box\" data-id=\"5263572\" data-element_type=\"widget\" data-e-type=\"widget\" data-widget_type=\"icon-box.default\">\n\t\t\t\t<div class=\"elementor-widget-container\">\n\t\t\t\t\t\t\t<div class=\"elementor-icon-box-wrapper\">\n\n\t\t\t\t\t\t<div class=\"elementor-icon-box-icon\">\n\t\t\t\t<span  class=\"elementor-icon\">\n\t\t\t\t<svg aria-hidden=\"true\" class=\"e-font-icon-svg e-fas-check-circle\" viewBox=\"0 0 512 512\" xmlns=\"http:\/\/www.w3.org\/2000\/svg\"><path d=\"M504 256c0 136.967-111.033 248-248 248S8 392.967 8 256 119.033 8 256 8s248 111.033 248 248zM227.314 387.314l184-184c6.248-6.248 6.248-16.379 0-22.627l-22.627-22.627c-6.248-6.249-16.379-6.249-22.628 0L216 308.118l-70.059-70.059c-6.248-6.248-16.379-6.248-22.628 0l-22.627 22.627c-6.248 6.248-6.248 16.379 0 22.627l104 104c6.249 6.249 16.379 6.249 22.628.001z\"><\/path><\/svg>\t\t\t\t<\/span>\n\t\t\t<\/div>\n\t\t\t\n\t\t\t\t\t\t<div class=\"elementor-icon-box-content\">\n\n\t\t\t\t\t\t\t\t\t<h3 class=\"elementor-icon-box-title\">\n\t\t\t\t\t\t<span  >\n\t\t\t\t\t\t\tMERCI !\t\t\t\t\t\t<\/span>\n\t\t\t\t\t<\/h3>\n\t\t\t\t\n\t\t\t\t\t\t\t\t\t<p class=\"elementor-icon-box-description\">\n\t\t\t\t\t\tMerci pour votre commande ! Nous l'avons bien re\u00e7ue et vous enverrons une confirmation par e-mail sous peu. Vous recevrez un autre e-mail une fois vos articles exp\u00e9di\u00e9s.   \n\t\t\t\t\t<\/p>\n\t\t\t\t\n\t\t\t<\/div>\n\t\t\t\n\t\t<\/div>\n\t\t\t\t\t\t<\/div>\n\t\t\t\t<\/div>\n\t\t\t\t\t<\/div>\n\t\t\t\t<\/div>\n\t\t\t\t<\/div>\n\t\t","protected":false},"excerpt":{"rendered":"<p>MERCI ! Merci pour votre commande ! Nous l&rsquo;avons bien re\u00e7ue et vous enverrons une confirmation par e-mail sous peu. Vous recevrez un autre e-mail une fois vos articles exp\u00e9di\u00e9s.<\/p>\n","protected":false},"author":1,"featured_media":0,"parent":0,"menu_order":0,"comment_status":"closed","ping_status":"closed","template":"","meta":{"footnotes":""},"class_list":["post-1714","page","type-page","status-publish","hentry"],"yoast_head":"<!-- This site is optimized with the Yoast SEO plugin v27.3 - https:\/\/yoast.com\/product\/yoast-seo-wordpress\/ -->\n<title>R\u00e9capitulatif de la commande - PN Labs Electronics<\/title>\n<meta name=\"robots\" content=\"index, follow, max-snippet:-1, max-image-preview:large, max-video-preview:-1\" \/>\n<link rel=\"canonical\" href=\"https:\/\/pnlabs.ca\/fr\/recapitulatif-de-la-commande\/\" \/>\n<meta property=\"og:locale\" content=\"fr_FR\" \/>\n<meta property=\"og:type\" content=\"article\" \/>\n<meta property=\"og:title\" content=\"R\u00e9capitulatif de la commande - PN Labs Electronics\" \/>\n<meta property=\"og:description\" content=\"MERCI ! Merci pour votre commande ! Nous l&rsquo;avons bien re\u00e7ue et vous enverrons une confirmation par e-mail sous peu. Vous recevrez un autre e-mail une fois vos articles exp\u00e9di\u00e9s.\" \/>\n<meta property=\"og:url\" content=\"https:\/\/pnlabs.ca\/fr\/recapitulatif-de-la-commande\/\" \/>\n<meta property=\"og:site_name\" content=\"PN Labs Electronics\" \/>\n<meta property=\"article:modified_time\" content=\"2025-09-18T12:43:36+00:00\" \/>\n<meta name=\"twitter:card\" content=\"summary_large_image\" \/>\n<script type=\"application\/ld+json\" class=\"yoast-schema-graph\">{\"@context\":\"https:\\\/\\\/schema.org\",\"@graph\":[{\"@type\":\"WebPage\",\"@id\":\"https:\\\/\\\/pnlabs.ca\\\/fr\\\/recapitulatif-de-la-commande\\\/\",\"url\":\"https:\\\/\\\/pnlabs.ca\\\/fr\\\/recapitulatif-de-la-commande\\\/\",\"name\":\"R\u00e9capitulatif de la commande - PN Labs Electronics\",\"isPartOf\":{\"@id\":\"https:\\\/\\\/pnlabs.ca\\\/fr\\\/#website\"},\"datePublished\":\"2025-09-16T05:43:32+00:00\",\"dateModified\":\"2025-09-18T12:43:36+00:00\",\"breadcrumb\":{\"@id\":\"https:\\\/\\\/pnlabs.ca\\\/fr\\\/recapitulatif-de-la-commande\\\/#breadcrumb\"},\"inLanguage\":\"fr-FR\",\"potentialAction\":[{\"@type\":\"ReadAction\",\"target\":[\"https:\\\/\\\/pnlabs.ca\\\/fr\\\/recapitulatif-de-la-commande\\\/\"]}]},{\"@type\":\"BreadcrumbList\",\"@id\":\"https:\\\/\\\/pnlabs.ca\\\/fr\\\/recapitulatif-de-la-commande\\\/#breadcrumb\",\"itemListElement\":[{\"@type\":\"ListItem\",\"position\":1,\"name\":\"Home\",\"item\":\"https:\\\/\\\/pnlabs.ca\\\/fr\\\/accueil\\\/\"},{\"@type\":\"ListItem\",\"position\":2,\"name\":\"R\u00e9capitulatif de la commande\"}]},{\"@type\":\"WebSite\",\"@id\":\"https:\\\/\\\/pnlabs.ca\\\/fr\\\/#website\",\"url\":\"https:\\\/\\\/pnlabs.ca\\\/fr\\\/\",\"name\":\"PN Labs Electronics\",\"description\":\"Trusted power management solutions that scale from prototype to production.\",\"publisher\":{\"@id\":\"https:\\\/\\\/pnlabs.ca\\\/fr\\\/#organization\"},\"alternateName\":\"PN Labs\",\"potentialAction\":[{\"@type\":\"SearchAction\",\"target\":{\"@type\":\"EntryPoint\",\"urlTemplate\":\"https:\\\/\\\/pnlabs.ca\\\/fr\\\/?s={search_term_string}\"},\"query-input\":{\"@type\":\"PropertyValueSpecification\",\"valueRequired\":true,\"valueName\":\"search_term_string\"}}],\"inLanguage\":\"fr-FR\"},{\"@type\":\"Organization\",\"@id\":\"https:\\\/\\\/pnlabs.ca\\\/fr\\\/#organization\",\"name\":\"PN labs\",\"alternateName\":\"PN Labs Inc.\",\"url\":\"https:\\\/\\\/pnlabs.ca\\\/fr\\\/\",\"logo\":{\"@type\":\"ImageObject\",\"inLanguage\":\"fr-FR\",\"@id\":\"https:\\\/\\\/pnlabs.ca\\\/fr\\\/#\\\/schema\\\/logo\\\/image\\\/\",\"url\":\"https:\\\/\\\/pnlabs.ca\\\/wp-content\\\/uploads\\\/2025\\\/09\\\/PN-Labs-Logo-1.webp\",\"contentUrl\":\"https:\\\/\\\/pnlabs.ca\\\/wp-content\\\/uploads\\\/2025\\\/09\\\/PN-Labs-Logo-1.webp\",\"width\":2000,\"height\":2000,\"caption\":\"PN labs\"},\"image\":{\"@id\":\"https:\\\/\\\/pnlabs.ca\\\/fr\\\/#\\\/schema\\\/logo\\\/image\\\/\"}}]}<\/script>\n<!-- \/ Yoast SEO plugin. -->","yoast_head_json":{"title":"R\u00e9capitulatif de la commande - PN Labs Electronics","robots":{"index":"index","follow":"follow","max-snippet":"max-snippet:-1","max-image-preview":"max-image-preview:large","max-video-preview":"max-video-preview:-1"},"canonical":"https:\/\/pnlabs.ca\/fr\/recapitulatif-de-la-commande\/","og_locale":"fr_FR","og_type":"article","og_title":"R\u00e9capitulatif de la commande - PN Labs Electronics","og_description":"MERCI ! Merci pour votre commande ! Nous l&rsquo;avons bien re\u00e7ue et vous enverrons une confirmation par e-mail sous peu. Vous recevrez un autre e-mail une fois vos articles exp\u00e9di\u00e9s.","og_url":"https:\/\/pnlabs.ca\/fr\/recapitulatif-de-la-commande\/","og_site_name":"PN Labs Electronics","article_modified_time":"2025-09-18T12:43:36+00:00","twitter_card":"summary_large_image","schema":{"@context":"https:\/\/schema.org","@graph":[{"@type":"WebPage","@id":"https:\/\/pnlabs.ca\/fr\/recapitulatif-de-la-commande\/","url":"https:\/\/pnlabs.ca\/fr\/recapitulatif-de-la-commande\/","name":"R\u00e9capitulatif de la commande - PN Labs Electronics","isPartOf":{"@id":"https:\/\/pnlabs.ca\/fr\/#website"},"datePublished":"2025-09-16T05:43:32+00:00","dateModified":"2025-09-18T12:43:36+00:00","breadcrumb":{"@id":"https:\/\/pnlabs.ca\/fr\/recapitulatif-de-la-commande\/#breadcrumb"},"inLanguage":"fr-FR","potentialAction":[{"@type":"ReadAction","target":["https:\/\/pnlabs.ca\/fr\/recapitulatif-de-la-commande\/"]}]},{"@type":"BreadcrumbList","@id":"https:\/\/pnlabs.ca\/fr\/recapitulatif-de-la-commande\/#breadcrumb","itemListElement":[{"@type":"ListItem","position":1,"name":"Home","item":"https:\/\/pnlabs.ca\/fr\/accueil\/"},{"@type":"ListItem","position":2,"name":"R\u00e9capitulatif de la commande"}]},{"@type":"WebSite","@id":"https:\/\/pnlabs.ca\/fr\/#website","url":"https:\/\/pnlabs.ca\/fr\/","name":"PN Labs Electronics","description":"Trusted power management solutions that scale from prototype to production.","publisher":{"@id":"https:\/\/pnlabs.ca\/fr\/#organization"},"alternateName":"PN Labs","potentialAction":[{"@type":"SearchAction","target":{"@type":"EntryPoint","urlTemplate":"https:\/\/pnlabs.ca\/fr\/?s={search_term_string}"},"query-input":{"@type":"PropertyValueSpecification","valueRequired":true,"valueName":"search_term_string"}}],"inLanguage":"fr-FR"},{"@type":"Organization","@id":"https:\/\/pnlabs.ca\/fr\/#organization","name":"PN labs","alternateName":"PN Labs Inc.","url":"https:\/\/pnlabs.ca\/fr\/","logo":{"@type":"ImageObject","inLanguage":"fr-FR","@id":"https:\/\/pnlabs.ca\/fr\/#\/schema\/logo\/image\/","url":"https:\/\/pnlabs.ca\/wp-content\/uploads\/2025\/09\/PN-Labs-Logo-1.webp","contentUrl":"https:\/\/pnlabs.ca\/wp-content\/uploads\/2025\/09\/PN-Labs-Logo-1.webp","width":2000,"height":2000,"caption":"PN labs"},"image":{"@id":"https:\/\/pnlabs.ca\/fr\/#\/schema\/logo\/image\/"}}]}},"jetpack_sharing_enabled":true,"_links":{"self":[{"href":"https:\/\/pnlabs.ca\/fr\/wp-json\/wp\/v2\/pages\/1714","targetHints":{"allow":["GET"]}}],"collection":[{"href":"https:\/\/pnlabs.ca\/fr\/wp-json\/wp\/v2\/pages"}],"about":[{"href":"https:\/\/pnlabs.ca\/fr\/wp-json\/wp\/v2\/types\/page"}],"author":[{"embeddable":true,"href":"https:\/\/pnlabs.ca\/fr\/wp-json\/wp\/v2\/users\/1"}],"replies":[{"embeddable":true,"href":"https:\/\/pnlabs.ca\/fr\/wp-json\/wp\/v2\/comments?post=1714"}],"version-history":[{"count":1,"href":"https:\/\/pnlabs.ca\/fr\/wp-json\/wp\/v2\/pages\/1714\/revisions"}],"predecessor-version":[{"id":1716,"href":"https:\/\/pnlabs.ca\/fr\/wp-json\/wp\/v2\/pages\/1714\/revisions\/1716"}],"wp:attachment":[{"href":"https:\/\/pnlabs.ca\/fr\/wp-json\/wp\/v2\/media?parent=1714"}],"curies":[{"name":"wp","href":"https:\/\/api.w.org\/{rel}","templated":true}]}}