{"id":1631,"date":"2025-09-10T16:40:06","date_gmt":"2025-09-10T20:40:06","guid":{"rendered":"https:\/\/pnlabs.ca\/panier\/"},"modified":"2026-02-10T00:08:06","modified_gmt":"2026-02-10T05:08:06","slug":"cart","status":"publish","type":"page","link":"https:\/\/pnlabs.ca\/fr\/cart\/","title":{"rendered":"Panier"},"content":{"rendered":"\t\t<div data-elementor-type=\"wp-page\" data-elementor-id=\"1631\" class=\"elementor elementor-1631 elementor-1225\" data-elementor-post-type=\"page\">\n\t\t\t\t<div class=\"elementor-element elementor-element-ebcaecb e-flex e-con-boxed e-con e-parent\" data-id=\"ebcaecb\" data-element_type=\"container\" data-e-type=\"container\">\n\t\t\t\t\t<div class=\"e-con-inner\">\n\t\t\t\t<div class=\"elementor-element elementor-element-78ddd43 elementor-widget-divider--view-line_text elementor-widget-divider--element-align-center elementor-widget elementor-widget-divider\" data-id=\"78ddd43\" data-element_type=\"widget\" data-e-type=\"widget\" data-widget_type=\"divider.default\">\n\t\t\t\t<div class=\"elementor-widget-container\">\n\t\t\t\t\t\t\t<div class=\"elementor-divider\">\n\t\t\t<span class=\"elementor-divider-separator\">\n\t\t\t\t\t\t\t<span class=\"elementor-divider__text elementor-divider__element\">\n\t\t\t\tPanier\t\t\t\t<\/span>\n\t\t\t\t\t\t<\/span>\n\t\t<\/div>\n\t\t\t\t\t\t<\/div>\n\t\t\t\t<\/div>\n\t\t\t\t<div class=\"elementor-element elementor-element-f6ae8cc elementor-widget elementor-widget-heading\" data-id=\"f6ae8cc\" data-element_type=\"widget\" data-e-type=\"widget\" data-widget_type=\"heading.default\">\n\t\t\t\t<div class=\"elementor-widget-container\">\n\t\t\t\t\t<h2 class=\"elementor-heading-title elementor-size-default\">Produits phares<\/h2>\t\t\t\t<\/div>\n\t\t\t\t<\/div>\n\t\t\t\t<div class=\"elementor-element elementor-element-065c3d8 elementor-product-loop-item--align-center elementor-grid-4 elementor-grid-tablet-3 elementor-grid-mobile-2 elementor-products-grid elementor-wc-products elementor-widget elementor-widget-woocommerce-products\" data-id=\"065c3d8\" data-element_type=\"widget\" data-e-type=\"widget\" data-widget_type=\"woocommerce-products.default\">\n\t\t\t\t<div class=\"elementor-widget-container\">\n\t\t\t\t\t<div class=\"woocommerce columns-4 \"><ul class=\"products elementor-grid columns-4\">\n<li class=\"product type-product post-3060 status-publish first instock product_cat-power-regulation product_tag-alimentation product_tag-cc product_tag-circuit product_tag-module product_tag-regulateur product_tag-tension has-post-thumbnail featured shipping-taxable purchasable product-type-simple\">\n\t<a href=\"https:\/\/pnlabs.ca\/fr\/shop\/power-pal\/\" class=\"woocommerce-LoopProduct-link woocommerce-loop-product__link\"><img fetchpriority=\"high\" decoding=\"async\" width=\"300\" height=\"200\" src=\"https:\/\/pnlabs.ca\/wp-content\/uploads\/2026\/01\/Power-Pal-1-300x200.webp\" class=\"attachment-woocommerce_thumbnail size-woocommerce_thumbnail\" alt=\"Power Pal\" srcset=\"https:\/\/pnlabs.ca\/wp-content\/uploads\/2026\/01\/Power-Pal-1-300x200.webp 300w, https:\/\/pnlabs.ca\/wp-content\/uploads\/2026\/01\/Power-Pal-1-1024x683.webp 1024w, https:\/\/pnlabs.ca\/wp-content\/uploads\/2026\/01\/Power-Pal-1-768x512.webp 768w, https:\/\/pnlabs.ca\/wp-content\/uploads\/2026\/01\/Power-Pal-1-1536x1024.webp 1536w, https:\/\/pnlabs.ca\/wp-content\/uploads\/2026\/01\/Power-Pal-1-2048x1365.webp 2048w, https:\/\/pnlabs.ca\/wp-content\/uploads\/2026\/01\/Power-Pal-1-600x400.webp 600w\" sizes=\"(max-width: 300px) 100vw, 300px\" \/><h2 class=\"woocommerce-loop-product__title\">Power Pal<\/h2>\n\t<span class=\"price\"><span class=\"woocommerce-Price-amount amount\"><bdi><span class=\"woocommerce-Price-currencySymbol\">USD $<\/span>59.95<\/bdi><\/span><\/span>\n<\/a><div class=\"woocommerce-loop-product__buttons\"><a href=\"\/fr\/wp-json\/wp\/v2\/pages\/1631?add-to-cart=3060\" aria-describedby=\"woocommerce_loop_add_to_cart_link_describedby_3060\" data-quantity=\"1\" class=\"button product_type_simple add_to_cart_button ajax_add_to_cart\" data-product_id=\"3060\" data-product_sku=\"9900\" aria-label=\"Ajouter au panier\u00a0: &ldquo;Power Pal&rdquo;\" rel=\"nofollow\" data-success_message=\"\u00ab\u00a0Power Pal\u00a0\u00bb a \u00e9t\u00e9 ajout\u00e9 \u00e0 votre panier\" role=\"button\">Ajouter au panier<\/a><\/div>\t<span id=\"woocommerce_loop_add_to_cart_link_describedby_3060\" class=\"screen-reader-text\">\n\t\t\t<\/span>\n<\/li>\n<li class=\"product type-product post-1738 status-publish instock product_cat-circuit-protection product_tag-alimentation product_tag-cc product_tag-circuit product_tag-integre product_tag-module product_tag-protection-2 product_tag-protection has-post-thumbnail featured shipping-taxable purchasable product-type-simple\">\n\t<a href=\"https:\/\/pnlabs.ca\/fr\/shop\/protect-nano\/\" class=\"woocommerce-LoopProduct-link woocommerce-loop-product__link\"><img decoding=\"async\" width=\"300\" height=\"200\" src=\"https:\/\/pnlabs.ca\/wp-content\/uploads\/2025\/09\/ProtectNano-1-1-300x200.webp\" class=\"attachment-woocommerce_thumbnail size-woocommerce_thumbnail\" alt=\"Module Protect Nano avec borniers et broches d\u2019en-t\u00eate inclus\" srcset=\"https:\/\/pnlabs.ca\/wp-content\/uploads\/2025\/09\/ProtectNano-1-1-300x200.webp 300w, https:\/\/pnlabs.ca\/wp-content\/uploads\/2025\/09\/ProtectNano-1-1-1024x683.webp 1024w, https:\/\/pnlabs.ca\/wp-content\/uploads\/2025\/09\/ProtectNano-1-1-768x512.webp 768w, https:\/\/pnlabs.ca\/wp-content\/uploads\/2025\/09\/ProtectNano-1-1-1536x1024.webp 1536w, https:\/\/pnlabs.ca\/wp-content\/uploads\/2025\/09\/ProtectNano-1-1-2048x1366.webp 2048w, https:\/\/pnlabs.ca\/wp-content\/uploads\/2025\/09\/ProtectNano-1-1-600x400.webp 600w\" sizes=\"(max-width: 300px) 100vw, 300px\" \/><h2 class=\"woocommerce-loop-product__title\">Protect Nano<\/h2>\n\t<span class=\"price\"><span class=\"woocommerce-Price-amount amount\"><bdi><span class=\"woocommerce-Price-currencySymbol\">USD $<\/span>23.99<\/bdi><\/span><\/span>\n<\/a><div class=\"woocommerce-loop-product__buttons\"><a href=\"\/fr\/wp-json\/wp\/v2\/pages\/1631?add-to-cart=1738\" aria-describedby=\"woocommerce_loop_add_to_cart_link_describedby_1738\" data-quantity=\"1\" class=\"button product_type_simple add_to_cart_button ajax_add_to_cart\" data-product_id=\"1738\" data-product_sku=\"9801\" aria-label=\"Ajouter au panier\u00a0: &ldquo;Protect Nano&rdquo;\" rel=\"nofollow\" data-success_message=\"\u00ab\u00a0Protect Nano\u00a0\u00bb a \u00e9t\u00e9 ajout\u00e9 \u00e0 votre panier\" role=\"button\">Ajouter au panier<\/a><\/div>\t<span id=\"woocommerce_loop_add_to_cart_link_describedby_1738\" class=\"screen-reader-text\">\n\t\t\t<\/span>\n<\/li>\n<li class=\"product type-product post-1728 status-publish instock product_cat-power-regulation product_tag-alimentation product_tag-cc product_tag-circuit product_tag-module product_tag-regulateur product_tag-tension has-post-thumbnail featured shipping-taxable purchasable product-type-simple\">\n\t<a href=\"https:\/\/pnlabs.ca\/fr\/shop\/nanobuck\/\" class=\"woocommerce-LoopProduct-link woocommerce-loop-product__link\"><img decoding=\"async\" width=\"300\" height=\"200\" src=\"https:\/\/pnlabs.ca\/wp-content\/uploads\/2025\/09\/NanoBuck-1-2-300x200.webp\" class=\"attachment-woocommerce_thumbnail size-woocommerce_thumbnail\" alt=\"R\u00e9gulateur de tension abaisseur r\u00e9glable NanoBuck avec dissipateur thermique et broches d\u2019en-t\u00eate inclus\" srcset=\"https:\/\/pnlabs.ca\/wp-content\/uploads\/2025\/09\/NanoBuck-1-2-300x200.webp 300w, https:\/\/pnlabs.ca\/wp-content\/uploads\/2025\/09\/NanoBuck-1-2-1024x683.webp 1024w, https:\/\/pnlabs.ca\/wp-content\/uploads\/2025\/09\/NanoBuck-1-2-768x512.webp 768w, https:\/\/pnlabs.ca\/wp-content\/uploads\/2025\/09\/NanoBuck-1-2-1536x1024.webp 1536w, https:\/\/pnlabs.ca\/wp-content\/uploads\/2025\/09\/NanoBuck-1-2-2048x1366.webp 2048w, https:\/\/pnlabs.ca\/wp-content\/uploads\/2025\/09\/NanoBuck-1-2-600x400.webp 600w\" sizes=\"(max-width: 300px) 100vw, 300px\" \/><h2 class=\"woocommerce-loop-product__title\">NanoBuck<\/h2><div class=\"star-rating\" role=\"img\" aria-label=\"Note 4.50 sur 5\"><span style=\"width:90%\">Note <strong class=\"rating\">4.50<\/strong> sur 5<\/span><\/div>\n\t<span class=\"price\"><span class=\"woocommerce-Price-amount amount\"><bdi><span class=\"woocommerce-Price-currencySymbol\">USD $<\/span>16.99<\/bdi><\/span><\/span>\n<\/a><div class=\"woocommerce-loop-product__buttons\"><a href=\"\/fr\/wp-json\/wp\/v2\/pages\/1631?add-to-cart=1728\" aria-describedby=\"woocommerce_loop_add_to_cart_link_describedby_1728\" data-quantity=\"1\" class=\"button product_type_simple add_to_cart_button ajax_add_to_cart\" data-product_id=\"1728\" data-product_sku=\"9901\" aria-label=\"Ajouter au panier\u00a0: &ldquo;NanoBuck&rdquo;\" rel=\"nofollow\" data-success_message=\"\u00ab\u00a0NanoBuck\u00a0\u00bb a \u00e9t\u00e9 ajout\u00e9 \u00e0 votre panier\" role=\"button\">Ajouter au panier<\/a><\/div>\t<span id=\"woocommerce_loop_add_to_cart_link_describedby_1728\" class=\"screen-reader-text\">\n\t\t\t<\/span>\n<\/li>\n<li class=\"product type-product post-1750 status-publish last instock product_cat-circuit-protection product_tag-alimentation product_tag-cc product_tag-circuit product_tag-module product_tag-protection-2 product_tag-protection has-post-thumbnail featured shipping-taxable purchasable product-type-simple\">\n\t<a href=\"https:\/\/pnlabs.ca\/fr\/shop\/protection\/\" class=\"woocommerce-LoopProduct-link woocommerce-loop-product__link\"><img loading=\"lazy\" decoding=\"async\" width=\"300\" height=\"200\" src=\"https:\/\/pnlabs.ca\/wp-content\/uploads\/2025\/09\/Protect-1-scaled-300x200.webp\" class=\"attachment-woocommerce_thumbnail size-woocommerce_thumbnail\" alt=\"Module de protection montrant les connecteurs XT-60 inclus\" srcset=\"https:\/\/pnlabs.ca\/wp-content\/uploads\/2025\/09\/Protect-1-300x200.webp 300w, https:\/\/pnlabs.ca\/wp-content\/uploads\/2025\/09\/Protect-1-scaled-600x400.webp 600w, https:\/\/pnlabs.ca\/wp-content\/uploads\/2025\/09\/Protect-1-1024x683.webp 1024w, https:\/\/pnlabs.ca\/wp-content\/uploads\/2025\/09\/Protect-1-768x512.webp 768w, https:\/\/pnlabs.ca\/wp-content\/uploads\/2025\/09\/Protect-1-1536x1024.webp 1536w, https:\/\/pnlabs.ca\/wp-content\/uploads\/2025\/09\/Protect-1-2048x1365.webp 2048w\" sizes=\"(max-width: 300px) 100vw, 300px\" \/><h2 class=\"woocommerce-loop-product__title\">Protect<\/h2><div class=\"star-rating\" role=\"img\" aria-label=\"Note 4.60 sur 5\"><span style=\"width:92%\">Note <strong class=\"rating\">4.60<\/strong> sur 5<\/span><\/div>\n\t<span class=\"price\"><span class=\"woocommerce-Price-amount amount\"><bdi><span class=\"woocommerce-Price-currencySymbol\">USD $<\/span>24.99<\/bdi><\/span><\/span>\n<\/a><div class=\"woocommerce-loop-product__buttons\"><a href=\"\/fr\/wp-json\/wp\/v2\/pages\/1631?add-to-cart=1750\" aria-describedby=\"woocommerce_loop_add_to_cart_link_describedby_1750\" data-quantity=\"1\" class=\"button product_type_simple add_to_cart_button ajax_add_to_cart\" data-product_id=\"1750\" data-product_sku=\"9800\" aria-label=\"Ajouter au panier\u00a0: &ldquo;Protect&rdquo;\" rel=\"nofollow\" data-success_message=\"\u00ab\u00a0Protect\u00a0\u00bb a \u00e9t\u00e9 ajout\u00e9 \u00e0 votre panier\" role=\"button\">Ajouter au panier<\/a><\/div>\t<span id=\"woocommerce_loop_add_to_cart_link_describedby_1750\" class=\"screen-reader-text\">\n\t\t\t<\/span>\n<\/li>\n<\/ul>\n<\/div>\t\t\t\t<\/div>\n\t\t\t\t<\/div>\n\t\t\t\t\t<\/div>\n\t\t\t\t<\/div>\n\t\t\t\t<\/div>\n\t\t","protected":false},"excerpt":{"rendered":"<p>Panier Remove item Thumbnail image Product Price Quantity Subtotal &times; Power Pal USD $59.95 Power Pal&nbsp; quantity USD $59.95 Appliquer le coupon Totaux du panier Subtotal USD $59.95 Shipping Calculate shipping Country \/ region Select a country \/ region&hellip;\u00c5land IslandsAlbaniaAmerican SamoaAndorraAngolaAnguillaAntarcticaAntigua and BarbudaArmeniaArubaAustraliaAustriaAzerbaijanBahamasBahrainBarbadosBelauBelgiumBelizeBeninBermudaBhutanBoliviaBonaire, Saint Eustatius and SabaBosnia and HerzegovinaBotswanaBouvet IslandBritish Indian Ocean TerritoryBruneiBulgariaBurkina FasoBurundiCambodiaCameroonCanadaCape VerdeCayman [&hellip;]<\/p>\n","protected":false},"author":1,"featured_media":0,"parent":0,"menu_order":0,"comment_status":"closed","ping_status":"closed","template":"","meta":{"footnotes":""},"class_list":["post-1631","page","type-page","status-publish","hentry"],"yoast_head":"<!-- This site is optimized with the Yoast SEO plugin v27.3 - https:\/\/yoast.com\/product\/yoast-seo-wordpress\/ -->\n<title>Panier - PN Labs Electronics<\/title>\n<meta name=\"robots\" content=\"index, follow, max-snippet:-1, max-image-preview:large, max-video-preview:-1\" \/>\n<link rel=\"canonical\" href=\"https:\/\/pnlabs.ca\/fr\/cart\/\" \/>\n<meta property=\"og:locale\" content=\"fr_FR\" \/>\n<meta property=\"og:type\" content=\"article\" \/>\n<meta property=\"og:title\" content=\"Panier - PN Labs Electronics\" \/>\n<meta property=\"og:description\" content=\"Panier Remove item Thumbnail image Product Price Quantity Subtotal &times; Power Pal USD $59.95 Power Pal&nbsp; quantity USD $59.95 Appliquer le coupon Totaux du panier Subtotal USD $59.95 Shipping Calculate shipping Country \/ region Select a country \/ region&hellip;\u00c5land IslandsAlbaniaAmerican SamoaAndorraAngolaAnguillaAntarcticaAntigua and BarbudaArmeniaArubaAustraliaAustriaAzerbaijanBahamasBahrainBarbadosBelauBelgiumBelizeBeninBermudaBhutanBoliviaBonaire, Saint Eustatius and SabaBosnia and HerzegovinaBotswanaBouvet IslandBritish Indian Ocean TerritoryBruneiBulgariaBurkina FasoBurundiCambodiaCameroonCanadaCape VerdeCayman [&hellip;]\" \/>\n<meta property=\"og:url\" content=\"https:\/\/pnlabs.ca\/fr\/cart\/\" \/>\n<meta property=\"og:site_name\" content=\"PN Labs Electronics\" \/>\n<meta property=\"article:modified_time\" content=\"2026-02-10T05:08:06+00:00\" \/>\n<meta property=\"og:image\" content=\"https:\/\/pnlabs.ca\/wp-content\/uploads\/2026\/01\/Power-Pal-1-300x200.webp\" \/>\n<meta name=\"twitter:card\" content=\"summary_large_image\" \/>\n<meta name=\"twitter:label1\" content=\"Dur\u00e9e de lecture estim\u00e9e\" \/>\n\t<meta name=\"twitter:data1\" content=\"1 minute\" \/>\n<script type=\"application\/ld+json\" class=\"yoast-schema-graph\">{\"@context\":\"https:\\\/\\\/schema.org\",\"@graph\":[{\"@type\":\"WebPage\",\"@id\":\"https:\\\/\\\/pnlabs.ca\\\/fr\\\/cart\\\/\",\"url\":\"https:\\\/\\\/pnlabs.ca\\\/fr\\\/cart\\\/\",\"name\":\"Panier - PN Labs Electronics\",\"isPartOf\":{\"@id\":\"https:\\\/\\\/pnlabs.ca\\\/fr\\\/#website\"},\"primaryImageOfPage\":{\"@id\":\"https:\\\/\\\/pnlabs.ca\\\/fr\\\/cart\\\/#primaryimage\"},\"image\":{\"@id\":\"https:\\\/\\\/pnlabs.ca\\\/fr\\\/cart\\\/#primaryimage\"},\"thumbnailUrl\":\"https:\\\/\\\/pnlabs.ca\\\/wp-content\\\/uploads\\\/2026\\\/01\\\/Power-Pal-1-300x200.webp\",\"datePublished\":\"2025-09-10T20:40:06+00:00\",\"dateModified\":\"2026-02-10T05:08:06+00:00\",\"breadcrumb\":{\"@id\":\"https:\\\/\\\/pnlabs.ca\\\/fr\\\/cart\\\/#breadcrumb\"},\"inLanguage\":\"fr-FR\",\"potentialAction\":[{\"@type\":\"ReadAction\",\"target\":[\"https:\\\/\\\/pnlabs.ca\\\/fr\\\/cart\\\/\"]}]},{\"@type\":\"ImageObject\",\"inLanguage\":\"fr-FR\",\"@id\":\"https:\\\/\\\/pnlabs.ca\\\/fr\\\/cart\\\/#primaryimage\",\"url\":\"https:\\\/\\\/pnlabs.ca\\\/wp-content\\\/uploads\\\/2026\\\/01\\\/Power-Pal-1-300x200.webp\",\"contentUrl\":\"https:\\\/\\\/pnlabs.ca\\\/wp-content\\\/uploads\\\/2026\\\/01\\\/Power-Pal-1-300x200.webp\"},{\"@type\":\"BreadcrumbList\",\"@id\":\"https:\\\/\\\/pnlabs.ca\\\/fr\\\/cart\\\/#breadcrumb\",\"itemListElement\":[{\"@type\":\"ListItem\",\"position\":1,\"name\":\"Home\",\"item\":\"https:\\\/\\\/pnlabs.ca\\\/fr\\\/accueil\\\/\"},{\"@type\":\"ListItem\",\"position\":2,\"name\":\"Panier\"}]},{\"@type\":\"WebSite\",\"@id\":\"https:\\\/\\\/pnlabs.ca\\\/fr\\\/#website\",\"url\":\"https:\\\/\\\/pnlabs.ca\\\/fr\\\/\",\"name\":\"PN Labs Electronics\",\"description\":\"Trusted power management solutions that scale from prototype to production.\",\"publisher\":{\"@id\":\"https:\\\/\\\/pnlabs.ca\\\/fr\\\/#organization\"},\"alternateName\":\"PN Labs\",\"potentialAction\":[{\"@type\":\"SearchAction\",\"target\":{\"@type\":\"EntryPoint\",\"urlTemplate\":\"https:\\\/\\\/pnlabs.ca\\\/fr\\\/?s={search_term_string}\"},\"query-input\":{\"@type\":\"PropertyValueSpecification\",\"valueRequired\":true,\"valueName\":\"search_term_string\"}}],\"inLanguage\":\"fr-FR\"},{\"@type\":\"Organization\",\"@id\":\"https:\\\/\\\/pnlabs.ca\\\/fr\\\/#organization\",\"name\":\"PN labs\",\"alternateName\":\"PN Labs Inc.\",\"url\":\"https:\\\/\\\/pnlabs.ca\\\/fr\\\/\",\"logo\":{\"@type\":\"ImageObject\",\"inLanguage\":\"fr-FR\",\"@id\":\"https:\\\/\\\/pnlabs.ca\\\/fr\\\/#\\\/schema\\\/logo\\\/image\\\/\",\"url\":\"https:\\\/\\\/pnlabs.ca\\\/wp-content\\\/uploads\\\/2025\\\/09\\\/PN-Labs-Logo-1.webp\",\"contentUrl\":\"https:\\\/\\\/pnlabs.ca\\\/wp-content\\\/uploads\\\/2025\\\/09\\\/PN-Labs-Logo-1.webp\",\"width\":2000,\"height\":2000,\"caption\":\"PN labs\"},\"image\":{\"@id\":\"https:\\\/\\\/pnlabs.ca\\\/fr\\\/#\\\/schema\\\/logo\\\/image\\\/\"}}]}<\/script>\n<!-- \/ Yoast SEO plugin. -->","yoast_head_json":{"title":"Panier - PN Labs Electronics","robots":{"index":"index","follow":"follow","max-snippet":"max-snippet:-1","max-image-preview":"max-image-preview:large","max-video-preview":"max-video-preview:-1"},"canonical":"https:\/\/pnlabs.ca\/fr\/cart\/","og_locale":"fr_FR","og_type":"article","og_title":"Panier - PN Labs Electronics","og_description":"Panier Remove item Thumbnail image Product Price Quantity Subtotal &times; Power Pal USD $59.95 Power Pal&nbsp; quantity USD $59.95 Appliquer le coupon Totaux du panier Subtotal USD $59.95 Shipping Calculate shipping Country \/ region Select a country \/ region&hellip;\u00c5land IslandsAlbaniaAmerican SamoaAndorraAngolaAnguillaAntarcticaAntigua and BarbudaArmeniaArubaAustraliaAustriaAzerbaijanBahamasBahrainBarbadosBelauBelgiumBelizeBeninBermudaBhutanBoliviaBonaire, Saint Eustatius and SabaBosnia and HerzegovinaBotswanaBouvet IslandBritish Indian Ocean TerritoryBruneiBulgariaBurkina FasoBurundiCambodiaCameroonCanadaCape VerdeCayman [&hellip;]","og_url":"https:\/\/pnlabs.ca\/fr\/cart\/","og_site_name":"PN Labs Electronics","article_modified_time":"2026-02-10T05:08:06+00:00","og_image":[{"url":"https:\/\/pnlabs.ca\/wp-content\/uploads\/2026\/01\/Power-Pal-1-300x200.webp","type":"","width":"","height":""}],"twitter_card":"summary_large_image","twitter_misc":{"Dur\u00e9e de lecture estim\u00e9e":"1 minute"},"schema":{"@context":"https:\/\/schema.org","@graph":[{"@type":"WebPage","@id":"https:\/\/pnlabs.ca\/fr\/cart\/","url":"https:\/\/pnlabs.ca\/fr\/cart\/","name":"Panier - PN Labs Electronics","isPartOf":{"@id":"https:\/\/pnlabs.ca\/fr\/#website"},"primaryImageOfPage":{"@id":"https:\/\/pnlabs.ca\/fr\/cart\/#primaryimage"},"image":{"@id":"https:\/\/pnlabs.ca\/fr\/cart\/#primaryimage"},"thumbnailUrl":"https:\/\/pnlabs.ca\/wp-content\/uploads\/2026\/01\/Power-Pal-1-300x200.webp","datePublished":"2025-09-10T20:40:06+00:00","dateModified":"2026-02-10T05:08:06+00:00","breadcrumb":{"@id":"https:\/\/pnlabs.ca\/fr\/cart\/#breadcrumb"},"inLanguage":"fr-FR","potentialAction":[{"@type":"ReadAction","target":["https:\/\/pnlabs.ca\/fr\/cart\/"]}]},{"@type":"ImageObject","inLanguage":"fr-FR","@id":"https:\/\/pnlabs.ca\/fr\/cart\/#primaryimage","url":"https:\/\/pnlabs.ca\/wp-content\/uploads\/2026\/01\/Power-Pal-1-300x200.webp","contentUrl":"https:\/\/pnlabs.ca\/wp-content\/uploads\/2026\/01\/Power-Pal-1-300x200.webp"},{"@type":"BreadcrumbList","@id":"https:\/\/pnlabs.ca\/fr\/cart\/#breadcrumb","itemListElement":[{"@type":"ListItem","position":1,"name":"Home","item":"https:\/\/pnlabs.ca\/fr\/accueil\/"},{"@type":"ListItem","position":2,"name":"Panier"}]},{"@type":"WebSite","@id":"https:\/\/pnlabs.ca\/fr\/#website","url":"https:\/\/pnlabs.ca\/fr\/","name":"PN Labs Electronics","description":"Trusted power management solutions that scale from prototype to production.","publisher":{"@id":"https:\/\/pnlabs.ca\/fr\/#organization"},"alternateName":"PN Labs","potentialAction":[{"@type":"SearchAction","target":{"@type":"EntryPoint","urlTemplate":"https:\/\/pnlabs.ca\/fr\/?s={search_term_string}"},"query-input":{"@type":"PropertyValueSpecification","valueRequired":true,"valueName":"search_term_string"}}],"inLanguage":"fr-FR"},{"@type":"Organization","@id":"https:\/\/pnlabs.ca\/fr\/#organization","name":"PN labs","alternateName":"PN Labs Inc.","url":"https:\/\/pnlabs.ca\/fr\/","logo":{"@type":"ImageObject","inLanguage":"fr-FR","@id":"https:\/\/pnlabs.ca\/fr\/#\/schema\/logo\/image\/","url":"https:\/\/pnlabs.ca\/wp-content\/uploads\/2025\/09\/PN-Labs-Logo-1.webp","contentUrl":"https:\/\/pnlabs.ca\/wp-content\/uploads\/2025\/09\/PN-Labs-Logo-1.webp","width":2000,"height":2000,"caption":"PN labs"},"image":{"@id":"https:\/\/pnlabs.ca\/fr\/#\/schema\/logo\/image\/"}}]}},"jetpack_sharing_enabled":true,"_links":{"self":[{"href":"https:\/\/pnlabs.ca\/fr\/wp-json\/wp\/v2\/pages\/1631","targetHints":{"allow":["GET"]}}],"collection":[{"href":"https:\/\/pnlabs.ca\/fr\/wp-json\/wp\/v2\/pages"}],"about":[{"href":"https:\/\/pnlabs.ca\/fr\/wp-json\/wp\/v2\/types\/page"}],"author":[{"embeddable":true,"href":"https:\/\/pnlabs.ca\/fr\/wp-json\/wp\/v2\/users\/1"}],"replies":[{"embeddable":true,"href":"https:\/\/pnlabs.ca\/fr\/wp-json\/wp\/v2\/comments?post=1631"}],"version-history":[{"count":3,"href":"https:\/\/pnlabs.ca\/fr\/wp-json\/wp\/v2\/pages\/1631\/revisions"}],"predecessor-version":[{"id":3148,"href":"https:\/\/pnlabs.ca\/fr\/wp-json\/wp\/v2\/pages\/1631\/revisions\/3148"}],"wp:attachment":[{"href":"https:\/\/pnlabs.ca\/fr\/wp-json\/wp\/v2\/media?parent=1631"}],"curies":[{"name":"wp","href":"https:\/\/api.w.org\/{rel}","templated":true}]}}